{"id":5078,"date":"2022-03-25T06:41:56","date_gmt":"2022-03-25T05:41:56","guid":{"rendered":"https:\/\/www.bm4u.cz\/blog\/"},"modified":"2025-01-04T19:11:46","modified_gmt":"2025-01-04T18:11:46","slug":"blog","status":"publish","type":"page","link":"https:\/\/www.bm4u.cz\/en\/blog\/","title":{"rendered":"Blog"},"content":{"rendered":"<p>[et_pb_section fb_built=&#8221;1&#8243; next_background_color=&#8221;#ffffff&#8221; _builder_version=&#8221;4.25.1&#8243; _module_preset=&#8221;default&#8221; background_enable_color=&#8221;off&#8221; background_color_gradient_start=&#8221;rgba(5,1,74,0.5)&#8221; background_color_gradient_end=&#8221;rgba(5,1,74,0.5)&#8221; background_image=&#8221;https:\/\/www.bm4u.cz\/wp-content\/uploads\/2024\/09\/Blog.jpg&#8221; background_size=&#8221;initial&#8221; background_position=&#8221;top_center&#8221; background_vertical_offset=&#8221;62%&#8221; background_enable_mask_style=&#8221;on&#8221; background_mask_style=&#8221;diagonal&#8221; background_mask_color=&#8221;rgba(5,1,74,0.5)&#8221; background_mask_transform=&#8221;invert|flip_horizontal&#8221; max_width=&#8221;100%&#8221; min_height=&#8221;400px&#8221; bottom_divider_style=&#8221;arrow2&#8243; bottom_divider_height=&#8221;50px&#8221; global_colors_info=&#8221;{}&#8221;][et_pb_row column_structure=&#8221;1_3,2_3&#8243; _builder_version=&#8221;4.16&#8243; _module_preset=&#8221;default&#8221; max_width=&#8221;1400px&#8221; custom_padding=&#8221;||25px|||&#8221; global_colors_info=&#8221;{}&#8221;][et_pb_column type=&#8221;1_3&#8243; _builder_version=&#8221;4.16&#8243; _module_preset=&#8221;default&#8221; global_colors_info=&#8221;{}&#8221;][et_pb_text _builder_version=&#8221;4.16&#8243; _module_preset=&#8221;default&#8221; header_font=&#8221;|600|||||||&#8221; header_text_color=&#8221;#FFFFFF&#8221; header_font_size=&#8221;60px&#8221; header_2_text_color=&#8221;#e0e0e0&#8243; header_2_font_size=&#8221;30px&#8221; header_2_line_height=&#8221;2.5em&#8221; custom_padding=&#8221;19px||1px|||&#8221; header_font_size_tablet=&#8221;60px&#8221; header_font_size_phone=&#8221;50px&#8221; header_font_size_last_edited=&#8221;on|phone&#8221; header_text_shadow_style=&#8221;preset1&#8243; header_text_shadow_color=&#8221;rgba(0,0,0,0.97)&#8221; global_colors_info=&#8221;{}&#8221;]<\/p>\n<h1 style=\"text-align: left;\">BLOG<\/h1>\n<h2 style=\"text-align: left;\">Inspiration and stories<\/h2>\n<p>[\/et_pb_text][\/et_pb_column][et_pb_column type=&#8221;2_3&#8243; _builder_version=&#8221;4.16&#8243; _module_preset=&#8221;default&#8221; global_colors_info=&#8221;{}&#8221;][\/et_pb_column][\/et_pb_row][\/et_pb_section][et_pb_section fb_built=&#8221;1&#8243; specialty=&#8221;on&#8221; _builder_version=&#8221;4.16&#8243; _module_preset=&#8221;default&#8221; custom_padding=&#8221;||2px|||&#8221; global_colors_info=&#8221;{}&#8221;][et_pb_column type=&#8221;3_4&#8243; specialty_columns=&#8221;3&#8243; _builder_version=&#8221;4.16&#8243; custom_padding=&#8221;|||&#8221; global_colors_info=&#8221;{}&#8221; custom_padding__hover=&#8221;|||&#8221;][et_pb_row_inner _builder_version=&#8221;4.16&#8243; _module_preset=&#8221;default&#8221; global_colors_info=&#8221;{}&#8221;][et_pb_column_inner saved_specialty_column_type=&#8221;3_4&#8243; _builder_version=&#8221;4.16&#8243; _module_preset=&#8221;default&#8221; global_colors_info=&#8221;{}&#8221;][et_pb_blog fullwidth=&#8221;off&#8221; include_categories=&#8221;44,50,48,51,49,46,47,45,1&#8243; excerpt_length=&#8221;150&#8243; show_more=&#8221;on&#8221; _builder_version=&#8221;4.19.4&#8243; _module_preset=&#8221;default&#8221; header_font=&#8221;|600|||||||&#8221; header_line_height=&#8221;1.5em&#8221; global_colors_info=&#8221;{}&#8221;][\/et_pb_blog][\/et_pb_column_inner][\/et_pb_row_inner][\/et_pb_column][et_pb_column type=&#8221;1_4&#8243; _builder_version=&#8221;4.16&#8243; custom_padding=&#8221;|||&#8221; global_colors_info=&#8221;{}&#8221; custom_padding__hover=&#8221;|||&#8221;][et_pb_sidebar _builder_version=&#8221;4.16&#8243; _module_preset=&#8221;default&#8221; global_colors_info=&#8221;{}&#8221;][\/et_pb_sidebar][\/et_pb_column][\/et_pb_section][et_pb_section fb_built=&#8221;1&#8243; prev_background_color=&#8221;#ffffff&#8221; next_background_color=&#8221;#ffffff&#8221; _builder_version=&#8221;4.16&#8243; _module_preset=&#8221;default&#8221; background_color=&#8221;#FFFFFF&#8221; background_enable_pattern_style=&#8221;on&#8221; background_pattern_style=&#8221;triangles&#8221; background_pattern_color=&#8221;rgba(0,0,0,0.09)&#8221; background_pattern_size=&#8221;custom&#8221; background_pattern_width=&#8221;10px&#8221; background_pattern_height=&#8221;10px&#8221; top_divider_style=&#8221;arrow2&#8243; top_divider_height=&#8221;50px&#8221; bottom_divider_style=&#8221;arrow2&#8243; bottom_divider_height=&#8221;50px&#8221; locked=&#8221;off&#8221; global_colors_info=&#8221;{}&#8221;][et_pb_row _builder_version=&#8221;4.16&#8243; _module_preset=&#8221;default&#8221; global_colors_info=&#8221;{}&#8221;][et_pb_column type=&#8221;4_4&#8243; _builder_version=&#8221;4.16&#8243; _module_preset=&#8221;default&#8221; global_colors_info=&#8221;{}&#8221;][\/et_pb_column][\/et_pb_row][\/et_pb_section][et_pb_section fb_built=&#8221;1&#8243; _builder_version=&#8221;4.15.1&#8243; _module_preset=&#8221;default&#8221; custom_margin=&#8221;1px|||||&#8221; custom_padding=&#8221;27px||0px|||&#8221; global_module=&#8221;166&#8243; saved_tabs=&#8221;all&#8221; global_colors_info=&#8221;{}&#8221;][et_pb_row column_structure=&#8221;1_4,1_4,1_4,1_4&#8243; _builder_version=&#8221;4.16&#8243; _module_preset=&#8221;default&#8221; global_colors_info=&#8221;{}&#8221;][et_pb_column type=&#8221;1_4&#8243; _builder_version=&#8221;4.16&#8243; _module_preset=&#8221;default&#8221; global_colors_info=&#8221;{}&#8221;][et_pb_text _builder_version=&#8221;4.16&#8243; _module_preset=&#8221;default&#8221; custom_padding_tablet=&#8221;|80px|||false|false&#8221; custom_padding_phone=&#8221;|0px|||false|false&#8221; custom_padding_last_edited=&#8221;on|phone&#8221; global_colors_info=&#8221;{}&#8221;]<\/p>\n<p><strong>BM4U s.r.o.<br \/><\/strong><span>Podkov\u00e1\u0159sk\u00e1 674\/2,<br \/>Vyso\u010dany, 190&nbsp;00 Prague 9<\/span><\/p>\n<p>[\/et_pb_text][\/et_pb_column][et_pb_column type=&#8221;1_4&#8243; _builder_version=&#8221;4.16&#8243; _module_preset=&#8221;default&#8221; global_colors_info=&#8221;{}&#8221;][et_pb_blurb title=&#8221;+420 284 028 886&#8243; url=&#8221;tel:+420284028886&#8243; use_icon=&#8221;on&#8221; font_icon=&#8221;&#xe090;||divi||400&#8243; icon_color=&#8221;#170FAD&#8221; icon_placement=&#8221;left&#8221; image_icon_width=&#8221;25px&#8221; _builder_version=&#8221;4.19.4&#8243; _module_preset=&#8221;default&#8221; header_level=&#8221;h5&#8243; header_font_size=&#8221;14px&#8221; header_line_height=&#8221;1.7em&#8221; custom_margin=&#8221;||8px|||&#8221; global_colors_info=&#8221;{}&#8221;][\/et_pb_blurb][et_pb_blurb title=&#8221;info@bm4u.cz&#8221; url=&#8221;mailto:info@bm4u.cz&#8221; use_icon=&#8221;on&#8221; font_icon=&#8221;&#xf0e0;||fa||400&#8243; icon_color=&#8221;#170FAD&#8221; icon_placement=&#8221;left&#8221; image_icon_width=&#8221;25px&#8221; _builder_version=&#8221;4.19.4&#8243; _module_preset=&#8221;default&#8221; header_level=&#8221;h5&#8243; header_font_size=&#8221;14px&#8221; header_line_height=&#8221;1.7em&#8221; global_colors_info=&#8221;{}&#8221;][\/et_pb_blurb][\/et_pb_column][et_pb_column type=&#8221;1_4&#8243; _builder_version=&#8221;4.16&#8243; _module_preset=&#8221;default&#8221; global_colors_info=&#8221;{}&#8221;][et_pb_icon font_icon=&#8221;&#xf08c;||fa||400&#8243; icon_color=&#8221;#170FAD&#8221; icon_width=&#8221;50px&#8221; url=&#8221;https:\/\/www.linkedin.com\/company\/bm4u-cz\/&#8221; url_new_window=&#8221;on&#8221; align=&#8221;left&#8221; align_tablet=&#8221;left&#8221; align_phone=&#8221;&#8221; align_last_edited=&#8221;on|desktop&#8221; _builder_version=&#8221;4.19.4&#8243; _module_preset=&#8221;default&#8221; global_colors_info=&#8221;{}&#8221;][\/et_pb_icon][\/et_pb_column][et_pb_column type=&#8221;1_4&#8243; _builder_version=&#8221;4.16&#8243; _module_preset=&#8221;default&#8221; global_colors_info=&#8221;{}&#8221;][et_pb_text _builder_version=&#8221;4.16&#8243; _module_preset=&#8221;default&#8221; global_colors_info=&#8221;{}&#8221;]<\/p>\n<p><a href=\"http:\/\/www.bm4u.cz\/ochrana-osobnich-udaju\/\">GDPR and Cookies<\/a><br \/><a href=\"http:\/\/www.bm4u.cz\/wp-content\/uploads\/2022\/04\/Eticky_kodex_BM4U_2.4.2022-1.pdf\" target=\"_blank\" rel=\"noopener\">BM4U Code of Conduct<\/a><\/p>\n<p>[\/et_pb_text][\/et_pb_column][\/et_pb_row][\/et_pb_section]<\/p>\n","protected":false},"excerpt":{"rendered":"<p>BLOG Inspiration and storiesBM4U s.r.o.Podkov\u00e1\u0159sk\u00e1 674\/2,Vyso\u010dany, 190&nbsp;00 Prague 9GDPR and CookiesBM4U Code of Conduct<\/p>\n","protected":false},"author":8,"featured_media":0,"parent":0,"menu_order":0,"comment_status":"closed","ping_status":"closed","template":"","meta":{"_et_pb_use_builder":"on","_et_pb_old_content":"","_et_gb_content_width":"","footnotes":""},"class_list":["post-5078","page","type-page","status-publish","hentry"],"yoast_head":"<!-- This site is optimized with the Yoast SEO plugin v27.5 - https:\/\/yoast.com\/product\/yoast-seo-wordpress\/ -->\n<title>Blog - BM4U | business managers<\/title>\n<meta name=\"description\" content=\"Do you like to read? Articles, interviews, studies, glossary and interesting insights from the world of interim management can be found on the BM4U blog.\" \/>\n<meta name=\"robots\" content=\"index, follow, max-snippet:-1, max-image-preview:large, max-video-preview:-1\" \/>\n<link rel=\"canonical\" href=\"https:\/\/www.bm4u.cz\/blog\/\" \/>\n<meta property=\"og:locale\" content=\"en_US\" \/>\n<meta property=\"og:type\" content=\"article\" \/>\n<meta property=\"og:title\" content=\"Blog - BM4U | business managers\" \/>\n<meta property=\"og:description\" content=\"Do you like to read? Articles, interviews, studies, glossary and interesting insights from the world of interim management can be found on the BM4U blog.\" \/>\n<meta property=\"og:url\" content=\"https:\/\/www.bm4u.cz\/blog\/\" \/>\n<meta property=\"og:site_name\" content=\"BM4U | business managers\" \/>\n<meta property=\"article:modified_time\" content=\"2025-01-04T18:11:46+00:00\" \/>\n<meta name=\"twitter:card\" content=\"summary_large_image\" \/>\n<meta name=\"twitter:label1\" content=\"Est. reading time\" \/>\n\t<meta name=\"twitter:data1\" content=\"4 minutes\" \/>\n<script type=\"application\/ld+json\" class=\"yoast-schema-graph\">{\"@context\":\"https:\\\/\\\/schema.org\",\"@graph\":[{\"@type\":\"WebPage\",\"@id\":\"https:\\\/\\\/www.bm4u.cz\\\/blog\\\/\",\"url\":\"https:\\\/\\\/www.bm4u.cz\\\/blog\\\/\",\"name\":\"Blog - BM4U | business managers\",\"isPartOf\":{\"@id\":\"https:\\\/\\\/www.bm4u.cz\\\/en\\\/#website\"},\"datePublished\":\"2022-03-25T05:41:56+00:00\",\"dateModified\":\"2025-01-04T18:11:46+00:00\",\"description\":\"Do you like to read? Articles, interviews, studies, glossary and interesting insights from the world of interim management can be found on the BM4U blog.\",\"breadcrumb\":{\"@id\":\"https:\\\/\\\/www.bm4u.cz\\\/blog\\\/#breadcrumb\"},\"inLanguage\":\"en-US\",\"potentialAction\":[{\"@type\":\"ReadAction\",\"target\":[\"https:\\\/\\\/www.bm4u.cz\\\/blog\\\/\"]}]},{\"@type\":\"BreadcrumbList\",\"@id\":\"https:\\\/\\\/www.bm4u.cz\\\/blog\\\/#breadcrumb\",\"itemListElement\":[{\"@type\":\"ListItem\",\"position\":1,\"name\":\"Dom\u016f\",\"item\":\"https:\\\/\\\/www.bm4u.cz\\\/en\\\/\"},{\"@type\":\"ListItem\",\"position\":2,\"name\":\"Blog\"}]},{\"@type\":\"WebSite\",\"@id\":\"https:\\\/\\\/www.bm4u.cz\\\/en\\\/#website\",\"url\":\"https:\\\/\\\/www.bm4u.cz\\\/en\\\/\",\"name\":\"BM4U | business managers\",\"description\":\"Mana\u017ee\u0159i pro v\u00e1s\",\"publisher\":{\"@id\":\"https:\\\/\\\/www.bm4u.cz\\\/en\\\/#organization\"},\"potentialAction\":[{\"@type\":\"SearchAction\",\"target\":{\"@type\":\"EntryPoint\",\"urlTemplate\":\"https:\\\/\\\/www.bm4u.cz\\\/en\\\/?s={search_term_string}\"},\"query-input\":{\"@type\":\"PropertyValueSpecification\",\"valueRequired\":true,\"valueName\":\"search_term_string\"}}],\"inLanguage\":\"en-US\"},{\"@type\":\"Organization\",\"@id\":\"https:\\\/\\\/www.bm4u.cz\\\/en\\\/#organization\",\"name\":\"BM4U s.r.o.\",\"url\":\"https:\\\/\\\/www.bm4u.cz\\\/en\\\/\",\"logo\":{\"@type\":\"ImageObject\",\"inLanguage\":\"en-US\",\"@id\":\"https:\\\/\\\/www.bm4u.cz\\\/en\\\/#\\\/schema\\\/logo\\\/image\\\/\",\"url\":\"https:\\\/\\\/www.bm4u.cz\\\/wp-content\\\/uploads\\\/2022\\\/04\\\/BM4U-logo-web.png\",\"contentUrl\":\"https:\\\/\\\/www.bm4u.cz\\\/wp-content\\\/uploads\\\/2022\\\/04\\\/BM4U-logo-web.png\",\"width\":457,\"height\":166,\"caption\":\"BM4U s.r.o.\"},\"image\":{\"@id\":\"https:\\\/\\\/www.bm4u.cz\\\/en\\\/#\\\/schema\\\/logo\\\/image\\\/\"},\"sameAs\":[\"https:\\\/\\\/www.linkedin.com\\\/company\\\/bm4u-cz\\\/\"]}]}<\/script>\n<!-- \/ Yoast SEO plugin. -->","yoast_head_json":{"title":"Blog - BM4U | business managers","description":"Do you like to read? Articles, interviews, studies, glossary and interesting insights from the world of interim management can be found on the BM4U blog.","robots":{"index":"index","follow":"follow","max-snippet":"max-snippet:-1","max-image-preview":"max-image-preview:large","max-video-preview":"max-video-preview:-1"},"canonical":"https:\/\/www.bm4u.cz\/blog\/","og_locale":"en_US","og_type":"article","og_title":"Blog - BM4U | business managers","og_description":"Do you like to read? Articles, interviews, studies, glossary and interesting insights from the world of interim management can be found on the BM4U blog.","og_url":"https:\/\/www.bm4u.cz\/blog\/","og_site_name":"BM4U | business managers","article_modified_time":"2025-01-04T18:11:46+00:00","twitter_card":"summary_large_image","twitter_misc":{"Est. reading time":"4 minutes"},"schema":{"@context":"https:\/\/schema.org","@graph":[{"@type":"WebPage","@id":"https:\/\/www.bm4u.cz\/blog\/","url":"https:\/\/www.bm4u.cz\/blog\/","name":"Blog - BM4U | business managers","isPartOf":{"@id":"https:\/\/www.bm4u.cz\/en\/#website"},"datePublished":"2022-03-25T05:41:56+00:00","dateModified":"2025-01-04T18:11:46+00:00","description":"Do you like to read? Articles, interviews, studies, glossary and interesting insights from the world of interim management can be found on the BM4U blog.","breadcrumb":{"@id":"https:\/\/www.bm4u.cz\/blog\/#breadcrumb"},"inLanguage":"en-US","potentialAction":[{"@type":"ReadAction","target":["https:\/\/www.bm4u.cz\/blog\/"]}]},{"@type":"BreadcrumbList","@id":"https:\/\/www.bm4u.cz\/blog\/#breadcrumb","itemListElement":[{"@type":"ListItem","position":1,"name":"Dom\u016f","item":"https:\/\/www.bm4u.cz\/en\/"},{"@type":"ListItem","position":2,"name":"Blog"}]},{"@type":"WebSite","@id":"https:\/\/www.bm4u.cz\/en\/#website","url":"https:\/\/www.bm4u.cz\/en\/","name":"BM4U | business managers","description":"Mana\u017ee\u0159i pro v\u00e1s","publisher":{"@id":"https:\/\/www.bm4u.cz\/en\/#organization"},"potentialAction":[{"@type":"SearchAction","target":{"@type":"EntryPoint","urlTemplate":"https:\/\/www.bm4u.cz\/en\/?s={search_term_string}"},"query-input":{"@type":"PropertyValueSpecification","valueRequired":true,"valueName":"search_term_string"}}],"inLanguage":"en-US"},{"@type":"Organization","@id":"https:\/\/www.bm4u.cz\/en\/#organization","name":"BM4U s.r.o.","url":"https:\/\/www.bm4u.cz\/en\/","logo":{"@type":"ImageObject","inLanguage":"en-US","@id":"https:\/\/www.bm4u.cz\/en\/#\/schema\/logo\/image\/","url":"https:\/\/www.bm4u.cz\/wp-content\/uploads\/2022\/04\/BM4U-logo-web.png","contentUrl":"https:\/\/www.bm4u.cz\/wp-content\/uploads\/2022\/04\/BM4U-logo-web.png","width":457,"height":166,"caption":"BM4U s.r.o."},"image":{"@id":"https:\/\/www.bm4u.cz\/en\/#\/schema\/logo\/image\/"},"sameAs":["https:\/\/www.linkedin.com\/company\/bm4u-cz\/"]}]}},"_links":{"self":[{"href":"https:\/\/www.bm4u.cz\/en\/wp-json\/wp\/v2\/pages\/5078","targetHints":{"allow":["GET"]}}],"collection":[{"href":"https:\/\/www.bm4u.cz\/en\/wp-json\/wp\/v2\/pages"}],"about":[{"href":"https:\/\/www.bm4u.cz\/en\/wp-json\/wp\/v2\/types\/page"}],"author":[{"embeddable":true,"href":"https:\/\/www.bm4u.cz\/en\/wp-json\/wp\/v2\/users\/8"}],"replies":[{"embeddable":true,"href":"https:\/\/www.bm4u.cz\/en\/wp-json\/wp\/v2\/comments?post=5078"}],"version-history":[{"count":4,"href":"https:\/\/www.bm4u.cz\/en\/wp-json\/wp\/v2\/pages\/5078\/revisions"}],"predecessor-version":[{"id":5128,"href":"https:\/\/www.bm4u.cz\/en\/wp-json\/wp\/v2\/pages\/5078\/revisions\/5128"}],"wp:attachment":[{"href":"https:\/\/www.bm4u.cz\/en\/wp-json\/wp\/v2\/media?parent=5078"}],"curies":[{"name":"wp","href":"https:\/\/api.w.org\/{rel}","templated":true}]}}