{"id":3909,"date":"2023-09-04T18:53:16","date_gmt":"2023-09-04T16:53:16","guid":{"rendered":"https:\/\/www.bm4u.cz\/?page_id=3909"},"modified":"2023-09-05T10:21:05","modified_gmt":"2023-09-05T08:21:05","slug":"strategic-partnerships","status":"publish","type":"page","link":"https:\/\/www.bm4u.cz\/en\/strategic-partnerships\/","title":{"rendered":"Strategic partnerships"},"content":{"rendered":"<p>[et_pb_section fb_built=&#8221;1&#8243; _builder_version=&#8221;4.20.0&#8243; _module_preset=&#8221;default&#8221; background_enable_color=&#8221;off&#8221; background_color_gradient_start=&#8221;rgba(5,1,74,0.3)&#8221; background_color_gradient_end=&#8221;rgba(5,1,74,0.3)&#8221; background_image=&#8221;https:\/\/www.bm4u.cz\/wp-content\/uploads\/2023\/09\/podklady-pro-BM4U-11-scaled.jpg&#8221; background_position=&#8221;bottom_center&#8221; background_enable_mask_style=&#8221;on&#8221; background_mask_style=&#8221;diagonal&#8221; background_mask_color=&#8221;rgba(5,1,74,0.5)&#8221; background_mask_transform=&#8221;invert&#8221; max_width=&#8221;100%&#8221; min_height=&#8221;660px&#8221; bottom_divider_style=&#8221;arrow2&#8243; bottom_divider_color=&#8221;#FFFFFF&#8221; bottom_divider_height=&#8221;50px&#8221; global_colors_info=&#8221;{}&#8221;][et_pb_row column_structure=&#8221;2_3,1_3&#8243; _builder_version=&#8221;4.16&#8243; _module_preset=&#8221;default&#8221; max_width=&#8221;1600px&#8221; custom_padding=&#8221;||25px|||&#8221; global_colors_info=&#8221;{}&#8221;][et_pb_column type=&#8221;2_3&#8243; _builder_version=&#8221;4.16&#8243; _module_preset=&#8221;default&#8221; global_colors_info=&#8221;{}&#8221;][et_pb_text _builder_version=&#8221;4.20.0&#8243; _module_preset=&#8221;default&#8221; header_font=&#8221;|600|||||||&#8221; header_text_color=&#8221;#FFFFFF&#8221; header_font_size=&#8221;60px&#8221; header_line_height=&#8221;1.5em&#8221; header_2_text_color=&#8221;#e0e0e0&#8243; header_2_font_size=&#8221;40px&#8221; header_2_line_height=&#8221;2.5em&#8221; custom_margin=&#8221;77px|||||&#8221; custom_padding=&#8221;19px|||||&#8221; header_font_size_tablet=&#8221;55px&#8221; header_font_size_phone=&#8221;40px&#8221; header_font_size_last_edited=&#8221;on|phone&#8221; header_2_line_height_tablet=&#8221;2.5em&#8221; header_2_line_height_phone=&#8221;1.5em&#8221; header_2_line_height_last_edited=&#8221;on|phone&#8221; header_text_shadow_style=&#8221;preset1&#8243; header_text_shadow_color=&#8221;rgba(0,0,0,0.97)&#8221; global_colors_info=&#8221;{}&#8221;]<\/p>\n<h1 style=\"text-align: left;\"><span style=\"color: #ff0000;\">STRATEGIC<\/span>PARTNERSHIPS<\/h1>\n<p>[\/et_pb_text][\/et_pb_column][et_pb_column type=&#8221;1_3&#8243; _builder_version=&#8221;4.16&#8243; _module_preset=&#8221;default&#8221; global_colors_info=&#8221;{}&#8221;][et_pb_text _builder_version=&#8221;4.20.0&#8243; _module_preset=&#8221;default&#8221; header_2_text_color=&#8221;#FFFFFF&#8221; header_2_line_height=&#8221;1.4em&#8221; custom_margin=&#8221;100px|||45px|false|false&#8221; custom_margin_tablet=&#8221;50px|||0px|false|false&#8221; custom_margin_phone=&#8221;50px|||0px|false|false&#8221; custom_margin_last_edited=&#8221;on|phone&#8221; custom_padding=&#8221;|||0px||&#8221; animation_style=&#8221;slide&#8221; animation_direction=&#8221;left&#8221; animation_duration=&#8221;2000ms&#8221; global_colors_info=&#8221;{}&#8221; custom_margin__hover_enabled=&#8221;on|desktop&#8221; custom_margin__hover=&#8221;100px|||45px|false|false&#8221;]<\/p>\n<h2><strong>Do you have an interesting business project?<\/strong><\/h2>\n<p>[\/et_pb_text][et_pb_text _builder_version=&#8221;4.20.0&#8243; _module_preset=&#8221;default&#8221; header_2_text_color=&#8221;#d1d1d1&#8243; header_2_line_height=&#8221;1.5em&#8221; custom_margin=&#8221;|||10px|false|false&#8221; custom_margin_tablet=&#8221;|||0px|false|false&#8221; custom_margin_phone=&#8221;||||false|false&#8221; custom_margin_last_edited=&#8221;on|phone&#8221; custom_padding=&#8221;|||0px||&#8221; animation_style=&#8221;slide&#8221; animation_direction=&#8221;right&#8221; animation_duration=&#8221;2000ms&#8221; animation_delay=&#8221;1000ms&#8221; global_colors_info=&#8221;{}&#8221;]<\/p>\n<h2><strong>Are you looking for a&nbsp;suitable business partner?<\/strong><\/h2>\n<p>[\/et_pb_text][et_pb_text _builder_version=&#8221;4.20.0&#8243; _module_preset=&#8221;default&#8221; header_2_text_color=&#8221;#FFFFFF&#8221; header_2_line_height=&#8221;1.4em&#8221; custom_margin=&#8221;|||-20px|false|false&#8221; custom_margin_tablet=&#8221;|||0px|false|false&#8221; custom_margin_phone=&#8221;||||false|false&#8221; custom_margin_last_edited=&#8221;on|phone&#8221; custom_padding=&#8221;|||0px||&#8221; animation_style=&#8221;slide&#8221; animation_direction=&#8221;left&#8221; animation_duration=&#8221;2000ms&#8221; animation_delay=&#8221;2000ms&#8221; global_colors_info=&#8221;{}&#8221;]<\/p>\n<h2><strong>Synergy is the foundation of long-term prosperity.<\/strong><\/h2>\n<p>[\/et_pb_text][\/et_pb_column][\/et_pb_row][\/et_pb_section][et_pb_section fb_built=&#8221;1&#8243; _builder_version=&#8221;4.16&#8243; _module_preset=&#8221;default&#8221; background_enable_mask_style=&#8221;on&#8221; background_mask_style=&#8221;diagonal&#8221; background_mask_color=&#8221;#05014a&#8221; background_mask_transform=&#8221;invert|flip_horizontal&#8221; max_width=&#8221;100%&#8221; module_alignment=&#8221;center&#8221; custom_padding=&#8221;91px|||||&#8221; top_divider_color=&#8221;#0C71C3&#8243; top_divider_height=&#8221;50px&#8221; locked=&#8221;off&#8221; global_colors_info=&#8221;{}&#8221;][et_pb_row column_structure=&#8221;1_2,1_2&#8243; _builder_version=&#8221;4.16&#8243; _module_preset=&#8221;default&#8221; custom_padding=&#8221;||32px|||&#8221; global_colors_info=&#8221;{}&#8221;][et_pb_column type=&#8221;1_2&#8243; _builder_version=&#8221;4.16&#8243; _module_preset=&#8221;default&#8221; global_colors_info=&#8221;{}&#8221;][et_pb_image src=&#8221;https:\/\/www.bm4u.cz\/wp-content\/uploads\/2023\/09\/podklady-pro-BM4U-14-scaled.jpg&#8221; title_text=&#8221;photo_BM4U&#8221; _builder_version=&#8221;4.20.0&#8243; _module_preset=&#8221;default&#8221; border_radii=&#8221;on|10px|10px|10px|10px&#8221; global_colors_info=&#8221;{}&#8221;][\/et_pb_image][\/et_pb_column][et_pb_column type=&#8221;1_2&#8243; _builder_version=&#8221;4.16&#8243; _module_preset=&#8221;default&#8221; global_colors_info=&#8221;{}&#8221;][et_pb_text _builder_version=&#8221;4.20.0&#8243; _module_preset=&#8221;default&#8221; text_font_size=&#8221;20px&#8221; text_line_height=&#8221;2em&#8221; background_color=&#8221;#FFFFFF&#8221; custom_padding=&#8221;10px|10px|10px|10px|true|true&#8221; custom_padding_tablet=&#8221;10px|10px|10px|10px|true|true&#8221; custom_padding_phone=&#8221;10px|10px|10px|10px|true|true&#8221; custom_padding_last_edited=&#8221;on|tablet&#8221; border_radii=&#8221;on|10px|10px|10px|10px&#8221; border_radii_tablet=&#8221;on|10px|10px|10px|10px&#8221; border_radii_phone=&#8221;on|10px|10px|10px|10px&#8221; border_radii_last_edited=&#8221;on|phone&#8221; global_colors_info=&#8221;{}&#8221;]<\/p>\n<h3 style=\"text-align: justify;\"><strong>Strategic partnerships<\/strong><span><\/span><\/h3>\n<p>We seek out and prepare new plants, strategic partners, and joint venture partners in the Czech Republic for foreign companies. Conversely, we facilitate strategic partnership, including joint venture partners, for Czech companies from abroad. <\/p>\n<p>Are you in search of the right partner? Contact us! Combine your resources, skills, and know-how to build a&nbsp;successful company together.<\/p>\n<p>[\/et_pb_text][et_pb_button button_url=&#8221;@ET-DC@eyJkeW5hbWljIjp0cnVlLCJjb250ZW50IjoicG9zdF9saW5rX3VybF9wYWdlIiwic2V0dGluZ3MiOnsicG9zdF9pZCI6IjI1MSJ9fQ==@&#8221; button_text=&#8221;Contact us&#8221; button_alignment=&#8221;center&#8221; _builder_version=&#8221;4.16&#8243; _dynamic_attributes=&#8221;button_url&#8221; _module_preset=&#8221;default&#8221; custom_button=&#8221;on&#8221; button_text_size=&#8221;30px&#8221; button_text_color=&#8221;#020079&#8243; button_bg_color=&#8221;#FFFFFF&#8221; button_icon=&#8221;&#xe090;||divi||400&#8243; button_icon_color=&#8221;#FFFFFF&#8221; button_bg_color_tablet=&#8221;#FFFFFF&#8221; button_bg_color_phone=&#8221;#FFFFFF&#8221; button_bg_color_last_edited=&#8221;on|desktop&#8221; saved_tabs=&#8221;all&#8221; locked=&#8221;off&#8221; global_colors_info=&#8221;{}&#8221; button_bg_color__hover_enabled=&#8221;on|hover&#8221; button_bg_enable_color__hover=&#8221;on&#8221; button_icon_color__hover_enabled=&#8221;on|desktop&#8221; button_border_color__hover_enabled=&#8221;on|hover&#8221; button_border_color__hover=&#8221;#170FAD&#8221; button_icon_color__hover=&#8221;#170FAD&#8221; button_bg_color__hover=&#8221;#020079&#8243; button_text_color__hover_enabled=&#8221;on|desktop&#8221; button_text_color__hover=&#8221;#FFFFFF&#8221;][\/et_pb_button][\/et_pb_column][\/et_pb_row][\/et_pb_section][et_pb_section fb_built=&#8221;1&#8243; _builder_version=&#8221;4.16&#8243; _module_preset=&#8221;default&#8221; background_enable_color=&#8221;off&#8221; background_enable_mask_style=&#8221;on&#8221; background_mask_style=&#8221;diagonal&#8221; background_mask_color=&#8221;#05014a&#8221; background_mask_transform=&#8221;invert&#8221; custom_margin=&#8221;50px||50px|||&#8221; custom_padding=&#8221;2px||100px|||&#8221; top_divider_color=&#8221;#FFFFFF&#8221; top_divider_arrangement=&#8221;above_content&#8221; bottom_divider_color=&#8221;#FFFFFF&#8221; saved_tabs=&#8221;all&#8221; locked=&#8221;off&#8221; global_colors_info=&#8221;{}&#8221;][et_pb_row column_structure=&#8221;1_2,1_2&#8243; _builder_version=&#8221;4.16&#8243; _module_preset=&#8221;default&#8221; custom_padding=&#8221;100px|||||&#8221; global_colors_info=&#8221;{}&#8221;][et_pb_column type=&#8221;1_2&#8243; _builder_version=&#8221;4.16&#8243; _module_preset=&#8221;default&#8221; global_colors_info=&#8221;{}&#8221;][et_pb_text ol_position=&#8221;outside&#8221; ol_item_indent=&#8221;20px&#8221; _builder_version=&#8221;4.20.0&#8243; _module_preset=&#8221;default&#8221; text_font_size=&#8221;20px&#8221; text_line_height=&#8221;2em&#8221; ul_line_height=&#8221;2em&#8221; ol_font_size=&#8221;20px&#8221; ol_line_height=&#8221;2em&#8221; background_color=&#8221;#FFFFFF&#8221; width=&#8221;100%&#8221; max_width=&#8221;100%&#8221; module_alignment=&#8221;left&#8221; custom_padding=&#8221;20px|20px|20px|20px|true|true&#8221; hover_enabled=&#8221;0&#8243; border_radii=&#8221;on|10px|10px|10px|10px&#8221; global_colors_info=&#8221;{}&#8221; sticky_enabled=&#8221;0&#8243;]<\/p>\n<p>Thanks to our colleagues abroad, we cooperate with companies from Japan, Singapore, Malaysia, the USA, and other progressive countries. We are eager to assist you and bring the advantages of foreign partner companies directly into the EU.<\/p>\n<p>[\/et_pb_text][et_pb_button button_url=&#8221;@ET-DC@eyJkeW5hbWljIjp0cnVlLCJjb250ZW50IjoicG9zdF9saW5rX3VybF9wYWdlIiwic2V0dGluZ3MiOnsicG9zdF9pZCI6IjI1MSJ9fQ==@&#8221; button_text=&#8221;Contact us&#8221; button_alignment=&#8221;center&#8221; _builder_version=&#8221;4.16&#8243; _dynamic_attributes=&#8221;button_url&#8221; _module_preset=&#8221;default&#8221; custom_button=&#8221;on&#8221; button_text_size=&#8221;30px&#8221; button_text_color=&#8221;#020079&#8243; button_bg_color=&#8221;#FFFFFF&#8221; button_icon=&#8221;&#xe090;||divi||400&#8243; button_icon_color=&#8221;#FFFFFF&#8221; button_bg_color_tablet=&#8221;#FFFFFF&#8221; button_bg_color_phone=&#8221;#FFFFFF&#8221; button_bg_color_last_edited=&#8221;on|desktop&#8221; saved_tabs=&#8221;all&#8221; locked=&#8221;off&#8221; global_colors_info=&#8221;{}&#8221; button_bg_color__hover_enabled=&#8221;on|hover&#8221; button_bg_enable_color__hover=&#8221;on&#8221; button_icon_color__hover_enabled=&#8221;on|desktop&#8221; button_border_color__hover_enabled=&#8221;on|hover&#8221; button_border_color__hover=&#8221;#170FAD&#8221; button_icon_color__hover=&#8221;#170FAD&#8221; button_bg_color__hover=&#8221;#020079&#8243; button_text_color__hover_enabled=&#8221;on|desktop&#8221; button_text_color__hover=&#8221;#FFFFFF&#8221;][\/et_pb_button][\/et_pb_column][et_pb_column type=&#8221;1_2&#8243; _builder_version=&#8221;4.16&#8243; _module_preset=&#8221;default&#8221; global_colors_info=&#8221;{}&#8221;][et_pb_image src=&#8221;https:\/\/www.bm4u.cz\/wp-content\/uploads\/2023\/09\/podklady-pro-BM4U-13-scaled.jpg&#8221; title_text=&#8221;photo_BM4U&#8221; _builder_version=&#8221;4.20.0&#8243; _module_preset=&#8221;default&#8221; border_radii=&#8221;on|10px|10px|10px|10px&#8221; box_shadow_style=&#8221;preset1&#8243; box_shadow_horizontal=&#8221;12px&#8221; box_shadow_vertical=&#8221;12px&#8221; box_shadow_blur=&#8221;22px&#8221; box_shadow_color=&#8221;rgba(0,0,0,0.8)&#8221; global_colors_info=&#8221;{}&#8221;][\/et_pb_image][\/et_pb_column][\/et_pb_row][\/et_pb_section][et_pb_section fb_built=&#8221;1&#8243; prev_background_color=&#8221;#ffffff&#8221; next_background_color=&#8221;#ffffff&#8221; _builder_version=&#8221;4.16&#8243; _module_preset=&#8221;default&#8221; background_color=&#8221;#FFFFFF&#8221; background_enable_pattern_style=&#8221;on&#8221; background_pattern_style=&#8221;triangles&#8221; background_pattern_color=&#8221;rgba(0,0,0,0.09)&#8221; background_pattern_size=&#8221;custom&#8221; background_pattern_width=&#8221;10px&#8221; background_pattern_height=&#8221;10px&#8221; top_divider_style=&#8221;arrow2&#8243; bottom_divider_style=&#8221;arrow2&#8243; locked=&#8221;off&#8221; global_colors_info=&#8221;{}&#8221;][et_pb_row _builder_version=&#8221;4.16&#8243; _module_preset=&#8221;default&#8221; global_colors_info=&#8221;{}&#8221;][et_pb_column type=&#8221;4_4&#8243; _builder_version=&#8221;4.16&#8243; _module_preset=&#8221;default&#8221; global_colors_info=&#8221;{}&#8221;][\/et_pb_column][\/et_pb_row][\/et_pb_section][et_pb_section fb_built=&#8221;1&#8243; _builder_version=&#8221;4.16&#8243; _module_preset=&#8221;default&#8221; custom_margin=&#8221;1px|||||&#8221; custom_padding=&#8221;27px||0px|||&#8221; saved_tabs=&#8221;all&#8221; global_colors_info=&#8221;{}&#8221;][et_pb_row column_structure=&#8221;1_4,1_4,1_4,1_4&#8243; _builder_version=&#8221;4.16&#8243; _module_preset=&#8221;default&#8221; global_colors_info=&#8221;{}&#8221;][et_pb_column type=&#8221;1_4&#8243; _builder_version=&#8221;4.16&#8243; _module_preset=&#8221;default&#8221; global_colors_info=&#8221;{}&#8221;][et_pb_text _builder_version=&#8221;4.16&#8243; _module_preset=&#8221;default&#8221; custom_padding_tablet=&#8221;|80px|||false|false&#8221; custom_padding_phone=&#8221;|0px|||false|false&#8221; custom_padding_last_edited=&#8221;on|phone&#8221; global_colors_info=&#8221;{}&#8221;]<\/p>\n<p><strong>BM4U s.r.o.<br \/><\/strong><span>Podkov\u00e1\u0159sk\u00e1 674\/2,<br \/>Vyso\u010dany, 190&nbsp;00 Prague 9<\/span><\/p>\n<p>[\/et_pb_text][\/et_pb_column][et_pb_column type=&#8221;1_4&#8243; _builder_version=&#8221;4.16&#8243; _module_preset=&#8221;default&#8221; global_colors_info=&#8221;{}&#8221;][et_pb_blurb title=&#8221;+420 284 028 886&#8243; url=&#8221;tel:+420284028886&#8243; use_icon=&#8221;on&#8221; font_icon=&#8221;&#xe090;||divi||400&#8243; icon_color=&#8221;#170FAD&#8221; icon_placement=&#8221;left&#8221; image_icon_width=&#8221;25px&#8221; _builder_version=&#8221;4.19.4&#8243; _module_preset=&#8221;default&#8221; header_level=&#8221;h5&#8243; header_font_size=&#8221;14px&#8221; header_line_height=&#8221;1.7em&#8221; custom_margin=&#8221;||8px|||&#8221; global_colors_info=&#8221;{}&#8221;][\/et_pb_blurb][et_pb_blurb title=&#8221;info@bm4u.cz&#8221; url=&#8221;mailto:info@bm4u.cz&#8221; use_icon=&#8221;on&#8221; font_icon=&#8221;&#xf0e0;||fa||400&#8243; icon_color=&#8221;#170FAD&#8221; icon_placement=&#8221;left&#8221; image_icon_width=&#8221;25px&#8221; _builder_version=&#8221;4.19.4&#8243; _module_preset=&#8221;default&#8221; header_level=&#8221;h5&#8243; header_font_size=&#8221;14px&#8221; header_line_height=&#8221;1.7em&#8221; global_colors_info=&#8221;{}&#8221;][\/et_pb_blurb][\/et_pb_column][et_pb_column type=&#8221;1_4&#8243; _builder_version=&#8221;4.16&#8243; _module_preset=&#8221;default&#8221; global_colors_info=&#8221;{}&#8221;][et_pb_icon font_icon=&#8221;&#xf08c;||fa||400&#8243; icon_color=&#8221;#170FAD&#8221; icon_width=&#8221;50px&#8221; url=&#8221;https:\/\/www.linkedin.com\/company\/bm4u-cz\/&#8221; url_new_window=&#8221;on&#8221; align=&#8221;left&#8221; align_tablet=&#8221;left&#8221; align_phone=&#8221;&#8221; align_last_edited=&#8221;on|desktop&#8221; _builder_version=&#8221;4.19.4&#8243; _module_preset=&#8221;default&#8221; global_colors_info=&#8221;{}&#8221;][\/et_pb_icon][\/et_pb_column][et_pb_column type=&#8221;1_4&#8243; _builder_version=&#8221;4.16&#8243; _module_preset=&#8221;default&#8221; global_colors_info=&#8221;{}&#8221;][et_pb_text _builder_version=&#8221;4.16&#8243; _module_preset=&#8221;default&#8221; global_colors_info=&#8221;{}&#8221;]<\/p>\n<p><a href=\"http:\/\/www.bm4u.cz\/ochrana-osobnich-udaju\/\">GDPR and cookies<\/a><br \/><a href=\"http:\/\/www.bm4u.cz\/wp-content\/uploads\/2022\/04\/Eticky_kodex_BM4U_2.4.2022-1.pdf\" target=\"_blank\" rel=\"noopener\">BM4U Code of Ethics<\/a><\/p>\n<p>[\/et_pb_text][\/et_pb_column][\/et_pb_row][\/et_pb_section]<\/p>\n","protected":false},"excerpt":{"rendered":"<p>STRATEGICPARTNERSHIPSDo you have an interesting business project?Are you looking for a&nbsp;suitable business partner?Synergy is the foundation of long-term prosperity.Strategic partnerships We seek out and prepare new plants, strategic partners, and joint venture partners in the Czech Republic for foreign companies. Conversely, we facilitate strategic partnership, including joint venture partners, for Czech companies from abroad. [&hellip;]<\/p>\n","protected":false},"author":8,"featured_media":0,"parent":0,"menu_order":0,"comment_status":"closed","ping_status":"closed","template":"","meta":{"_et_pb_use_builder":"on","_et_pb_old_content":"","_et_gb_content_width":"","footnotes":""},"class_list":["post-3909","page","type-page","status-publish","hentry"],"yoast_head":"<!-- This site is optimized with the Yoast SEO plugin v27.5 - https:\/\/yoast.com\/product\/yoast-seo-wordpress\/ -->\n<title>Strategic partnerships - BM4U | business managers<\/title>\n<meta name=\"description\" content=\"Looking for a suitable partner? Contact us! Combine your resources, skills and know-how and build a successful company together.\" \/>\n<meta name=\"robots\" content=\"index, follow, max-snippet:-1, max-image-preview:large, max-video-preview:-1\" \/>\n<link rel=\"canonical\" href=\"https:\/\/www.bm4u.cz\/en\/strategic-partnerships\/\" \/>\n<meta property=\"og:locale\" content=\"en_US\" \/>\n<meta property=\"og:type\" content=\"article\" \/>\n<meta property=\"og:title\" content=\"Strategic partnerships - BM4U | business managers\" \/>\n<meta property=\"og:description\" content=\"Looking for a suitable partner? Contact us! Combine your resources, skills and know-how and build a successful company together.\" \/>\n<meta property=\"og:url\" content=\"https:\/\/www.bm4u.cz\/en\/strategic-partnerships\/\" \/>\n<meta property=\"og:site_name\" content=\"BM4U | business managers\" \/>\n<meta property=\"article:modified_time\" content=\"2023-09-05T08:21:05+00:00\" \/>\n<meta name=\"twitter:card\" content=\"summary_large_image\" \/>\n<meta name=\"twitter:label1\" content=\"Est. reading time\" \/>\n\t<meta name=\"twitter:data1\" content=\"8 minutes\" \/>\n<script type=\"application\/ld+json\" class=\"yoast-schema-graph\">{\"@context\":\"https:\\\/\\\/schema.org\",\"@graph\":[{\"@type\":\"WebPage\",\"@id\":\"https:\\\/\\\/www.bm4u.cz\\\/en\\\/strategic-partnerships\\\/\",\"url\":\"https:\\\/\\\/www.bm4u.cz\\\/en\\\/strategic-partnerships\\\/\",\"name\":\"Strategic partnerships - BM4U | business managers\",\"isPartOf\":{\"@id\":\"https:\\\/\\\/www.bm4u.cz\\\/en\\\/#website\"},\"datePublished\":\"2023-09-04T16:53:16+00:00\",\"dateModified\":\"2023-09-05T08:21:05+00:00\",\"description\":\"Looking for a suitable partner? Contact us! Combine your resources, skills and know-how and build a successful company together.\",\"breadcrumb\":{\"@id\":\"https:\\\/\\\/www.bm4u.cz\\\/en\\\/strategic-partnerships\\\/#breadcrumb\"},\"inLanguage\":\"en-US\",\"potentialAction\":[{\"@type\":\"ReadAction\",\"target\":[\"https:\\\/\\\/www.bm4u.cz\\\/en\\\/strategic-partnerships\\\/\"]}]},{\"@type\":\"BreadcrumbList\",\"@id\":\"https:\\\/\\\/www.bm4u.cz\\\/en\\\/strategic-partnerships\\\/#breadcrumb\",\"itemListElement\":[{\"@type\":\"ListItem\",\"position\":1,\"name\":\"Dom\u016f\",\"item\":\"https:\\\/\\\/www.bm4u.cz\\\/en\\\/\"},{\"@type\":\"ListItem\",\"position\":2,\"name\":\"Strategic partnerships\"}]},{\"@type\":\"WebSite\",\"@id\":\"https:\\\/\\\/www.bm4u.cz\\\/en\\\/#website\",\"url\":\"https:\\\/\\\/www.bm4u.cz\\\/en\\\/\",\"name\":\"BM4U | business managers\",\"description\":\"Mana\u017ee\u0159i pro v\u00e1s\",\"publisher\":{\"@id\":\"https:\\\/\\\/www.bm4u.cz\\\/en\\\/#organization\"},\"potentialAction\":[{\"@type\":\"SearchAction\",\"target\":{\"@type\":\"EntryPoint\",\"urlTemplate\":\"https:\\\/\\\/www.bm4u.cz\\\/en\\\/?s={search_term_string}\"},\"query-input\":{\"@type\":\"PropertyValueSpecification\",\"valueRequired\":true,\"valueName\":\"search_term_string\"}}],\"inLanguage\":\"en-US\"},{\"@type\":\"Organization\",\"@id\":\"https:\\\/\\\/www.bm4u.cz\\\/en\\\/#organization\",\"name\":\"BM4U s.r.o.\",\"url\":\"https:\\\/\\\/www.bm4u.cz\\\/en\\\/\",\"logo\":{\"@type\":\"ImageObject\",\"inLanguage\":\"en-US\",\"@id\":\"https:\\\/\\\/www.bm4u.cz\\\/en\\\/#\\\/schema\\\/logo\\\/image\\\/\",\"url\":\"https:\\\/\\\/www.bm4u.cz\\\/wp-content\\\/uploads\\\/2022\\\/04\\\/BM4U-logo-web.png\",\"contentUrl\":\"https:\\\/\\\/www.bm4u.cz\\\/wp-content\\\/uploads\\\/2022\\\/04\\\/BM4U-logo-web.png\",\"width\":457,\"height\":166,\"caption\":\"BM4U s.r.o.\"},\"image\":{\"@id\":\"https:\\\/\\\/www.bm4u.cz\\\/en\\\/#\\\/schema\\\/logo\\\/image\\\/\"},\"sameAs\":[\"https:\\\/\\\/www.linkedin.com\\\/company\\\/bm4u-cz\\\/\"]}]}<\/script>\n<!-- \/ Yoast SEO plugin. -->","yoast_head_json":{"title":"Strategic partnerships - BM4U | business managers","description":"Looking for a suitable partner? Contact us! Combine your resources, skills and know-how and build a successful company together.","robots":{"index":"index","follow":"follow","max-snippet":"max-snippet:-1","max-image-preview":"max-image-preview:large","max-video-preview":"max-video-preview:-1"},"canonical":"https:\/\/www.bm4u.cz\/en\/strategic-partnerships\/","og_locale":"en_US","og_type":"article","og_title":"Strategic partnerships - BM4U | business managers","og_description":"Looking for a suitable partner? Contact us! Combine your resources, skills and know-how and build a successful company together.","og_url":"https:\/\/www.bm4u.cz\/en\/strategic-partnerships\/","og_site_name":"BM4U | business managers","article_modified_time":"2023-09-05T08:21:05+00:00","twitter_card":"summary_large_image","twitter_misc":{"Est. reading time":"8 minutes"},"schema":{"@context":"https:\/\/schema.org","@graph":[{"@type":"WebPage","@id":"https:\/\/www.bm4u.cz\/en\/strategic-partnerships\/","url":"https:\/\/www.bm4u.cz\/en\/strategic-partnerships\/","name":"Strategic partnerships - BM4U | business managers","isPartOf":{"@id":"https:\/\/www.bm4u.cz\/en\/#website"},"datePublished":"2023-09-04T16:53:16+00:00","dateModified":"2023-09-05T08:21:05+00:00","description":"Looking for a suitable partner? Contact us! Combine your resources, skills and know-how and build a successful company together.","breadcrumb":{"@id":"https:\/\/www.bm4u.cz\/en\/strategic-partnerships\/#breadcrumb"},"inLanguage":"en-US","potentialAction":[{"@type":"ReadAction","target":["https:\/\/www.bm4u.cz\/en\/strategic-partnerships\/"]}]},{"@type":"BreadcrumbList","@id":"https:\/\/www.bm4u.cz\/en\/strategic-partnerships\/#breadcrumb","itemListElement":[{"@type":"ListItem","position":1,"name":"Dom\u016f","item":"https:\/\/www.bm4u.cz\/en\/"},{"@type":"ListItem","position":2,"name":"Strategic partnerships"}]},{"@type":"WebSite","@id":"https:\/\/www.bm4u.cz\/en\/#website","url":"https:\/\/www.bm4u.cz\/en\/","name":"BM4U | business managers","description":"Mana\u017ee\u0159i pro v\u00e1s","publisher":{"@id":"https:\/\/www.bm4u.cz\/en\/#organization"},"potentialAction":[{"@type":"SearchAction","target":{"@type":"EntryPoint","urlTemplate":"https:\/\/www.bm4u.cz\/en\/?s={search_term_string}"},"query-input":{"@type":"PropertyValueSpecification","valueRequired":true,"valueName":"search_term_string"}}],"inLanguage":"en-US"},{"@type":"Organization","@id":"https:\/\/www.bm4u.cz\/en\/#organization","name":"BM4U s.r.o.","url":"https:\/\/www.bm4u.cz\/en\/","logo":{"@type":"ImageObject","inLanguage":"en-US","@id":"https:\/\/www.bm4u.cz\/en\/#\/schema\/logo\/image\/","url":"https:\/\/www.bm4u.cz\/wp-content\/uploads\/2022\/04\/BM4U-logo-web.png","contentUrl":"https:\/\/www.bm4u.cz\/wp-content\/uploads\/2022\/04\/BM4U-logo-web.png","width":457,"height":166,"caption":"BM4U s.r.o."},"image":{"@id":"https:\/\/www.bm4u.cz\/en\/#\/schema\/logo\/image\/"},"sameAs":["https:\/\/www.linkedin.com\/company\/bm4u-cz\/"]}]}},"_links":{"self":[{"href":"https:\/\/www.bm4u.cz\/en\/wp-json\/wp\/v2\/pages\/3909","targetHints":{"allow":["GET"]}}],"collection":[{"href":"https:\/\/www.bm4u.cz\/en\/wp-json\/wp\/v2\/pages"}],"about":[{"href":"https:\/\/www.bm4u.cz\/en\/wp-json\/wp\/v2\/types\/page"}],"author":[{"embeddable":true,"href":"https:\/\/www.bm4u.cz\/en\/wp-json\/wp\/v2\/users\/8"}],"replies":[{"embeddable":true,"href":"https:\/\/www.bm4u.cz\/en\/wp-json\/wp\/v2\/comments?post=3909"}],"version-history":[{"count":5,"href":"https:\/\/www.bm4u.cz\/en\/wp-json\/wp\/v2\/pages\/3909\/revisions"}],"predecessor-version":[{"id":3937,"href":"https:\/\/www.bm4u.cz\/en\/wp-json\/wp\/v2\/pages\/3909\/revisions\/3937"}],"wp:attachment":[{"href":"https:\/\/www.bm4u.cz\/en\/wp-json\/wp\/v2\/media?parent=3909"}],"curies":[{"name":"wp","href":"https:\/\/api.w.org\/{rel}","templated":true}]}}