{"id":5578,"date":"2023-09-04T18:53:16","date_gmt":"2023-09-04T16:53:16","guid":{"rendered":"https:\/\/www.bm4u.cz\/strategische-partnerschaften\/"},"modified":"2025-05-12T22:28:56","modified_gmt":"2025-05-12T20:28:56","slug":"strategische-partnerschaften","status":"publish","type":"page","link":"https:\/\/www.bm4u.cz\/de\/strategische-partnerschaften\/","title":{"rendered":"Strategische Partnerschaften"},"content":{"rendered":"<p>[et_pb_section fb_built=&#8220;1&#8243; _builder_version=&#8220;4.20.0&#8243; _module_preset=&#8220;default&#8220; background_enable_color=&#8220;off&#8220; background_color_gradient_start=&#8220;rgba(5,1,74,0.3)&#8220; background_color_gradient_end=&#8220;rgba(5,1,74,0.3)&#8220; background_image=&#8220;https:\/\/www.bm4u.cz\/wp-content\/uploads\/2023\/09\/podklady-pro-BM4U-11-scaled.jpg&#8220; background_position=&#8220;bottom_center&#8220; background_enable_mask_style=&#8220;on&#8220; background_mask_style=&#8220;diagonal&#8220; background_mask_color=&#8220;rgba(5,1,74,0.5)&#8220; background_mask_transform=&#8220;invert&#8220; max_width=&#8220;100%&#8220; min_height=&#8220;660px&#8220; bottom_divider_style=&#8220;arrow2&#8243; bottom_divider_color=&#8220;#FFFFFF&#8220; bottom_divider_height=&#8220;50px&#8220; global_colors_info=&#8220;{}&#8220;][et_pb_row column_structure=&#8220;2_3,1_3&#8243; _builder_version=&#8220;4.16&#8243; _module_preset=&#8220;default&#8220; max_width=&#8220;1600px&#8220; custom_padding=&#8220;||25px|||&#8220; global_colors_info=&#8220;{}&#8220;][et_pb_column type=&#8220;2_3&#8243; _builder_version=&#8220;4.16&#8243; _module_preset=&#8220;default&#8220; global_colors_info=&#8220;{}&#8220;][et_pb_text _builder_version=&#8220;4.27.4&#8243; _module_preset=&#8220;default&#8220; header_font=&#8220;|600|||||||&#8220; header_text_color=&#8220;#FFFFFF&#8220; header_font_size=&#8220;55px&#8220; header_line_height=&#8220;1.5em&#8220; header_2_text_color=&#8220;#e0e0e0&#8243; header_2_font_size=&#8220;40px&#8220; header_2_line_height=&#8220;2.5em&#8220; custom_margin=&#8220;77px|||||&#8220; custom_padding=&#8220;19px|||||&#8220; hover_enabled=&#8220;0&#8243; header_font_size_tablet=&#8220;55px&#8220; header_font_size_phone=&#8220;40px&#8220; header_font_size_last_edited=&#8220;on|phone&#8220; header_2_line_height_tablet=&#8220;2.5em&#8220; header_2_line_height_phone=&#8220;1.5em&#8220; header_2_line_height_last_edited=&#8220;on|phone&#8220; header_text_shadow_style=&#8220;preset1&#8243; header_text_shadow_color=&#8220;rgba(0,0,0,0.97)&#8220; global_colors_info=&#8220;{}&#8220; sticky_enabled=&#8220;0&#8243;]<\/p>\n<h1 style=\"text-align: left;\"><span style=\"color: #ff0000;\">S<\/span>TRATEGISCHEPARTNERSCHAFTEN<\/h1>\n<p>[\/et_pb_text][\/et_pb_column][et_pb_column type=&#8220;1_3&#8243; _builder_version=&#8220;4.16&#8243; _module_preset=&#8220;default&#8220; global_colors_info=&#8220;{}&#8220;][et_pb_text _builder_version=&#8220;4.20.0&#8243; _module_preset=&#8220;default&#8220; header_2_text_color=&#8220;#FFFFFF&#8220; header_2_line_height=&#8220;1.4em&#8220; custom_margin=&#8220;100px|||45px|false|false&#8220; custom_margin_tablet=&#8220;50px|||0px|false|false&#8220; custom_margin_phone=&#8220;50px|||0px|false|false&#8220; custom_margin_last_edited=&#8220;on|phone&#8220; custom_padding=&#8220;|||0px||&#8220; animation_style=&#8220;slide&#8220; animation_direction=&#8220;left&#8220; animation_duration=&#8220;2000ms&#8220; global_colors_info=&#8220;{}&#8220; custom_margin__hover_enabled=&#8220;on|desktop&#8220; custom_margin__hover=&#8220;100px|||45px|false|false&#8220;]<\/p>\n<h2><strong>Haben Sie ein interessantes Gesch\u00e4ftsprojekt?<\/strong><\/h2>\n<p>[\/et_pb_text][et_pb_text _builder_version=&#8220;4.20.0&#8243; _module_preset=&#8220;default&#8220; header_2_text_color=&#8220;#d1d1d1&#8243; header_2_line_height=&#8220;1.5em&#8220; custom_margin=&#8220;|||10px|false|false&#8220; custom_margin_tablet=&#8220;|||0px|false|false&#8220; custom_margin_phone=&#8220;||||false|false&#8220; custom_margin_last_edited=&#8220;on|phone&#8220; custom_padding=&#8220;|||0px||&#8220; animation_style=&#8220;slide&#8220; animation_direction=&#8220;right&#8220; animation_duration=&#8220;2000ms&#8220; animation_delay=&#8220;1000ms&#8220; global_colors_info=&#8220;{}&#8220;]<\/p>\n<h2><strong>Suchen Sie einen geeigneten Gesch\u00e4ftspartner?<\/strong><\/h2>\n<p>[\/et_pb_text][et_pb_text _builder_version=&#8220;4.20.0&#8243; _module_preset=&#8220;default&#8220; header_2_text_color=&#8220;#FFFFFF&#8220; header_2_line_height=&#8220;1.4em&#8220; custom_margin=&#8220;|||-20px|false|false&#8220; custom_margin_tablet=&#8220;|||0px|false|false&#8220; custom_margin_phone=&#8220;||||false|false&#8220; custom_margin_last_edited=&#8220;on|phone&#8220; custom_padding=&#8220;|||0px||&#8220; animation_style=&#8220;slide&#8220; animation_direction=&#8220;left&#8220; animation_duration=&#8220;2000ms&#8220; animation_delay=&#8220;2000ms&#8220; global_colors_info=&#8220;{}&#8220;]<\/p>\n<h2><strong>Synergie ist die Grundlage f\u00fcr langfristigen Wohlstand.<\/strong><\/h2>\n<p>[\/et_pb_text][\/et_pb_column][\/et_pb_row][\/et_pb_section][et_pb_section fb_built=&#8220;1&#8243; _builder_version=&#8220;4.16&#8243; _module_preset=&#8220;default&#8220; background_enable_mask_style=&#8220;on&#8220; background_mask_style=&#8220;diagonal&#8220; background_mask_color=&#8220;#05014a&#8220; background_mask_transform=&#8220;invert|flip_horizontal&#8220; max_width=&#8220;100%&#8220; module_alignment=&#8220;center&#8220; custom_padding=&#8220;91px|||||&#8220; top_divider_color=&#8220;#0C71C3&#8243; top_divider_height=&#8220;50px&#8220; locked=&#8220;off&#8220; global_colors_info=&#8220;{}&#8220;][et_pb_row column_structure=&#8220;1_2,1_2&#8243; _builder_version=&#8220;4.16&#8243; _module_preset=&#8220;default&#8220; custom_padding=&#8220;||32px|||&#8220; global_colors_info=&#8220;{}&#8220;][et_pb_column type=&#8220;1_2&#8243; _builder_version=&#8220;4.16&#8243; _module_preset=&#8220;default&#8220; global_colors_info=&#8220;{}&#8220;][et_pb_image src=&#8220;https:\/\/www.bm4u.cz\/wp-content\/uploads\/2023\/09\/podklady-pro-BM4U-14-scaled.jpg&#8220; title_text=&#8220;Dokumentation f\u00fcr BM4U (14)&#8220; _builder_version=&#8220;4.20.0&#8243; _module_preset=&#8220;default&#8220; border_radii=&#8220;on|10px|10px|10px|10px&#8220; global_colors_info=&#8220;{}&#8220;][\/et_pb_image][\/et_pb_column][et_pb_column type=&#8220;1_2&#8243; _builder_version=&#8220;4.16&#8243; _module_preset=&#8220;default&#8220; global_colors_info=&#8220;{}&#8220;][et_pb_text _builder_version=&#8220;4.20.0&#8243; _module_preset=&#8220;default&#8220; text_font_size=&#8220;20px&#8220; text_line_height=&#8220;2em&#8220; background_color=&#8220;#FFFFFF&#8220; custom_padding=&#8220;10px|10px|10px|10px|true|true&#8220; custom_padding_tablet=&#8220;10px|10px|10px|10px|true|true&#8220; custom_padding_phone=&#8220;10px|10px|10px|10px|true|true&#8220; custom_padding_last_edited=&#8220;on|tablet&#8220; border_radii=&#8220;on|10px|10px|10px|10px&#8220; border_radii_tablet=&#8220;on|10px|10px|10px|10px&#8220; border_radii_phone=&#8220;on|10px|10px|10px|10px&#8220; border_radii_last_edited=&#8220;on|phone&#8220; global_colors_info=&#8220;{}&#8220;]<\/p>\n<h3 style=\"text-align: justify;\"><strong>Strategische Partnerschaften<\/strong><span><\/span><\/h3>\n<p>F\u00fcr ausl\u00e4ndische Unternehmen in der Tschechischen Republik suchen und bereiten wir neue Standorte, strategische Partner und Joint-Venture-Partner vor. F\u00fcr Unternehmen in der Tschechischen Republik wiederum vermitteln wir strategische Partner, einschlie\u00dflich Joint-Venture-Partner aus dem Ausland.  <\/p>\n<p>Suchen Sie einen geeigneten Partner? Kontaktieren Sie uns! Kombinieren Sie Ihre Ressourcen, F\u00e4higkeiten und Ihr Know-how und bauen Sie gemeinsam ein erfolgreiches Unternehmen auf.  <\/p>\n<p>[\/et_pb_text][et_pb_button button_url=&#8220;@ET-DC@eyJkeW5hbWljIjp0cnVlLCJjb250ZW50IjoicG9zdF9saW5rX3VybF9wYWdlIiwic2V0dGluZ3MiOnsicG9zdF9pZCI6IjI1MSJ9fQ==@&#8220; button_text=&#8220;Kontaktieren Sie uns&#8220; button_alignment=&#8220;center&#8220; _builder_version=&#8220;4.16&#8243; _dynamic_attributes=&#8220;button_url&#8220; _module_preset=&#8220;default&#8220; custom_button=&#8220;on&#8220; button_text_size=&#8220;30px&#8220; button_text_color=&#8220;#020079&#8243; button_bg_color=&#8220;#FFFFFF&#8220; button_icon=&#8220;&#xe090;||divi||400&#8243; button_icon_color=&#8220;#FFFFFF&#8220; button_bg_color_tablet=&#8220;#FFFFFF&#8220; button_bg_color_phone=&#8220;#FFFFFF&#8220; button_bg_color_last_edited=&#8220;on|desktop&#8220; saved_tabs=&#8220;all&#8220; locked=&#8220;off&#8220; global_colors_info=&#8220;{}&#8220; button_bg_color__hover_enabled=&#8220;on|hover&#8220; button_bg_enable_color__hover=&#8220;on&#8220; button_icon_color__hover_enabled=&#8220;on|desktop&#8220; button_border_color__hover_enabled=&#8220;on|hover&#8220; button_border_color__hover=&#8220;#170FAD&#8220; button_icon_color__hover=&#8220;#170FAD&#8220; button_bg_color__hover=&#8220;#020079&#8243; button_text_color__hover_enabled=&#8220;on|desktop&#8220; button_text_color__hover=&#8220;#FFFFFF&#8220;][\/et_pb_button][\/et_pb_column][\/et_pb_row][\/et_pb_section][et_pb_section fb_built=&#8220;1&#8243; _builder_version=&#8220;4.16&#8243; _module_preset=&#8220;default&#8220; background_enable_color=&#8220;off&#8220; background_enable_mask_style=&#8220;on&#8220; background_mask_style=&#8220;diagonal&#8220; background_mask_color=&#8220;#05014a&#8220; background_mask_transform=&#8220;invert&#8220; custom_margin=&#8220;50px||50px|||&#8220; custom_padding=&#8220;2px||100px|||&#8220; top_divider_color=&#8220;#FFFFFF&#8220; top_divider_arrangement=&#8220;above_content&#8220; bottom_divider_color=&#8220;#FFFFFF&#8220; saved_tabs=&#8220;all&#8220; locked=&#8220;off&#8220; global_colors_info=&#8220;{}&#8220;][et_pb_row column_structure=&#8220;1_2,1_2&#8243; _builder_version=&#8220;4.16&#8243; _module_preset=&#8220;default&#8220; custom_padding=&#8220;100px|||||&#8220; global_colors_info=&#8220;{}&#8220;][et_pb_column type=&#8220;1_2&#8243; _builder_version=&#8220;4.16&#8243; _module_preset=&#8220;default&#8220; global_colors_info=&#8220;{}&#8220;][et_pb_text ol_position=&#8220;outside&#8220; ol_item_indent=&#8220;20px&#8220; _builder_version=&#8220;4.20.0&#8243; _module_preset=&#8220;default&#8220; text_font_size=&#8220;20px&#8220; text_line_height=&#8220;2em&#8220; ul_line_height=&#8220;2em&#8220; ol_font_size=&#8220;20px&#8220; ol_line_height=&#8220;2em&#8220; background_color=&#8220;#FFFFFF&#8220; width=&#8220;100%&#8220; max_width=&#8220;100%&#8220; module_alignment=&#8220;left&#8220; custom_padding=&#8220;20px|20px|20px|20px|true|true&#8220; border_radii=&#8220;on|10px|10px|10px|10px&#8220; global_colors_info=&#8220;{}&#8220;]<\/p>\n<p>Dank unserer Kollegen im Ausland arbeiten wir mit Unternehmen aus Japan, Singapur, Malaysia, den USA und anderen fortschrittlichen L\u00e4ndern zusammen. Wir helfen Ihnen gerne und bringen die Vorteile der ausl\u00e4ndischen Partnerunternehmen direkt in die EU. <\/p>\n<p>[\/et_pb_text][et_pb_button button_url=&#8220;@ET-DC@eyJkeW5hbWljIjp0cnVlLCJjb250ZW50IjoicG9zdF9saW5rX3VybF9wYWdlIiwic2V0dGluZ3MiOnsicG9zdF9pZCI6IjI1MSJ9fQ==@&#8220; button_text=&#8220;Kontaktieren Sie uns&#8220; button_alignment=&#8220;center&#8220; _builder_version=&#8220;4.16&#8243; _dynamic_attributes=&#8220;button_url&#8220; _module_preset=&#8220;default&#8220; custom_button=&#8220;on&#8220; button_text_size=&#8220;30px&#8220; button_text_color=&#8220;#020079&#8243; button_bg_color=&#8220;#FFFFFF&#8220; button_icon=&#8220;&#xe090;||divi||400&#8243; button_icon_color=&#8220;#FFFFFF&#8220; button_bg_color_tablet=&#8220;#FFFFFF&#8220; button_bg_color_phone=&#8220;#FFFFFF&#8220; button_bg_color_last_edited=&#8220;on|desktop&#8220; saved_tabs=&#8220;all&#8220; locked=&#8220;off&#8220; global_colors_info=&#8220;{}&#8220; button_bg_color__hover_enabled=&#8220;on|hover&#8220; button_bg_enable_color__hover=&#8220;on&#8220; button_icon_color__hover_enabled=&#8220;on|desktop&#8220; button_border_color__hover_enabled=&#8220;on|hover&#8220; button_border_color__hover=&#8220;#170FAD&#8220; button_icon_color__hover=&#8220;#170FAD&#8220; button_bg_color__hover=&#8220;#020079&#8243; button_text_color__hover_enabled=&#8220;on|desktop&#8220; button_text_color__hover=&#8220;#FFFFFF&#8220;][\/et_pb_button][\/et_pb_column][et_pb_column type=&#8220;1_2&#8243; _builder_version=&#8220;4.16&#8243; _module_preset=&#8220;default&#8220; global_colors_info=&#8220;{}&#8220;][et_pb_image src=&#8220;https:\/\/www.bm4u.cz\/wp-content\/uploads\/2023\/09\/podklady-pro-BM4U-13-scaled.jpg&#8220; title_text=&#8220;Dokumentation f\u00fcr BM4U (13)&#8220; _builder_version=&#8220;4.20.0&#8243; _module_preset=&#8220;default&#8220; border_radii=&#8220;on|10px|10px|10px|10px&#8220; box_shadow_style=&#8220;preset1&#8243; box_shadow_horizontal=&#8220;12px&#8220; box_shadow_vertical=&#8220;12px&#8220; box_shadow_blur=&#8220;22px&#8220; box_shadow_color=&#8220;rgba(0,0,0,0.8)&#8220; global_colors_info=&#8220;{}&#8220;][\/et_pb_image][\/et_pb_column][\/et_pb_row][\/et_pb_section][et_pb_section fb_built=&#8220;1&#8243; prev_background_color=&#8220;#ffffff&#8220; next_background_color=&#8220;#ffffff&#8220; _builder_version=&#8220;4.16&#8243; _module_preset=&#8220;default&#8220; background_color=&#8220;#FFFFFF&#8220; background_enable_pattern_style=&#8220;on&#8220; background_pattern_style=&#8220;triangles&#8220; background_pattern_color=&#8220;rgba(0,0,0,0.09)&#8220; background_pattern_size=&#8220;custom&#8220; background_pattern_width=&#8220;10px&#8220; background_pattern_height=&#8220;10px&#8220; top_divider_style=&#8220;arrow2&#8243; bottom_divider_style=&#8220;arrow2&#8243; locked=&#8220;off&#8220; global_colors_info=&#8220;{}&#8220;][et_pb_row _builder_version=&#8220;4.16&#8243; _module_preset=&#8220;default&#8220; global_colors_info=&#8220;{}&#8220;][et_pb_column type=&#8220;4_4&#8243; _builder_version=&#8220;4.16&#8243; _module_preset=&#8220;default&#8220; global_colors_info=&#8220;{}&#8220;][\/et_pb_column][\/et_pb_row][\/et_pb_section][et_pb_section fb_built=&#8220;1&#8243; _builder_version=&#8220;4.16&#8243; _module_preset=&#8220;default&#8220; custom_margin=&#8220;1px|||||&#8220; custom_padding=&#8220;27px||0px|||&#8220; saved_tabs=&#8220;all&#8220; global_colors_info=&#8220;{}&#8220;][et_pb_row column_structure=&#8220;1_4,1_4,1_4,1_4&#8243; _builder_version=&#8220;4.16&#8243; _module_preset=&#8220;default&#8220; global_colors_info=&#8220;{}&#8220;][et_pb_column type=&#8220;1_4&#8243; _builder_version=&#8220;4.16&#8243; _module_preset=&#8220;default&#8220; global_colors_info=&#8220;{}&#8220;][et_pb_text _builder_version=&#8220;4.16&#8243; _module_preset=&#8220;default&#8220; custom_padding_tablet=&#8220;|80px|||false|false&#8220; custom_padding_phone=&#8220;|0px|||false|false&#8220; custom_padding_last_edited=&#8220;on|phone&#8220; global_colors_info=&#8220;{}&#8220;]<\/p>\n<p><strong>BM4U s.r.o.<br \/><\/strong><span>Podkov\u00e1\u0159sk\u00e1 674\/2,<br \/>Vyso\u010dany, 190&nbsp;00 Prag 9<\/span><\/p>\n<p>[\/et_pb_text][\/et_pb_column][et_pb_column type=&#8220;1_4&#8243; _builder_version=&#8220;4.16&#8243; _module_preset=&#8220;default&#8220; global_colors_info=&#8220;{}&#8220;][et_pb_blurb title=&#8220;+420 284 028 886&#8243; url=&#8220;tel:+420284028886&#8243; use_icon=&#8220;on&#8220; font_icon=&#8220;&#xe090;||divi||400&#8243; icon_color=&#8220;#170FAD&#8220; icon_placement=&#8220;left&#8220; image_icon_width=&#8220;25px&#8220; _builder_version=&#8220;4.19.4&#8243; _module_preset=&#8220;default&#8220; header_level=&#8220;h5&#8243; header_font_size=&#8220;14px&#8220; header_line_height=&#8220;1.7em&#8220; custom_margin=&#8220;||8px|||&#8220; global_colors_info=&#8220;{}&#8220;][\/et_pb_blurb][et_pb_blurb title=&#8220;info@bm4u.cz&#8220; url=&#8220;mailto:info@bm4u.cz&#8220; use_icon=&#8220;on&#8220; font_icon=&#8220;&#xf0e0;||fa||400&#8243; icon_color=&#8220;#170FAD&#8220; icon_placement=&#8220;left&#8220; image_icon_width=&#8220;25px&#8220; _builder_version=&#8220;4.19.4&#8243; _module_preset=&#8220;default&#8220; header_level=&#8220;h5&#8243; header_font_size=&#8220;14px&#8220; header_line_height=&#8220;1.7em&#8220; global_colors_info=&#8220;{}&#8220;][\/et_pb_blurb][\/et_pb_column][et_pb_column type=&#8220;1_4&#8243; _builder_version=&#8220;4.16&#8243; _module_preset=&#8220;default&#8220; global_colors_info=&#8220;{}&#8220;][et_pb_icon font_icon=&#8220;&#xf08c;||fa||400&#8243; icon_color=&#8220;#170FAD&#8220; icon_width=&#8220;50px&#8220; url=&#8220;https:\/\/www.linkedin.com\/company\/bm4u-cz\/&#8220; url_new_window=&#8220;on&#8220; align=&#8220;left&#8220; align_tablet=&#8220;left&#8220; align_phone=&#8220;&#8220; align_last_edited=&#8220;on|desktop&#8220; _builder_version=&#8220;4.19.4&#8243; _module_preset=&#8220;default&#8220; global_colors_info=&#8220;{}&#8220;][\/et_pb_icon][\/et_pb_column][et_pb_column type=&#8220;1_4&#8243; _builder_version=&#8220;4.16&#8243; _module_preset=&#8220;default&#8220; global_colors_info=&#8220;{}&#8220;][et_pb_text _builder_version=&#8220;4.16&#8243; _module_preset=&#8220;default&#8220; global_colors_info=&#8220;{}&#8220;]<\/p>\n<p><a href=\"http:\/\/www.bm4u.cz\/ochrana-osobnich-udaju\/\">GDPR und Cookies<\/a><br \/><a href=\"http:\/\/www.bm4u.cz\/wp-content\/uploads\/2022\/04\/Eticky_kodex_BM4U_2.4.2022-1.pdf\" target=\"_blank\" rel=\"noopener\">BM4U-Verhaltenskodex<\/a><\/p>\n<p>[\/et_pb_text][\/et_pb_column][\/et_pb_row][\/et_pb_section]<\/p>\n","protected":false},"excerpt":{"rendered":"<p>STRATEGISCHEPARTNERSCHAFTENHaben Sie ein interessantes Gesch\u00e4ftsprojekt?Suchen Sie einen geeigneten Gesch\u00e4ftspartner?Synergie ist die Grundlage f\u00fcr langfristigen Wohlstand.Strategische Partnerschaften F\u00fcr ausl\u00e4ndische Unternehmen in der Tschechischen Republik suchen und bereiten wir neue Standorte, strategische Partner und Joint-Venture-Partner vor. F\u00fcr Unternehmen in der Tschechischen Republik wiederum vermitteln wir strategische Partner, einschlie\u00dflich Joint-Venture-Partner aus dem Ausland. Suchen Sie einen geeigneten Partner? [&hellip;]<\/p>\n","protected":false},"author":8,"featured_media":0,"parent":0,"menu_order":0,"comment_status":"closed","ping_status":"closed","template":"","meta":{"_et_pb_use_builder":"on","_et_pb_old_content":"","_et_gb_content_width":"","footnotes":""},"class_list":["post-5578","page","type-page","status-publish","hentry"],"yoast_head":"<!-- This site is optimized with the Yoast SEO plugin v27.3 - https:\/\/yoast.com\/product\/yoast-seo-wordpress\/ -->\n<title>Strategische Partnerschaften - BM4U | business managers<\/title>\n<meta name=\"description\" content=\"Suchen Sie einen geeigneten Partner? Kontaktieren Sie uns! Kombinieren Sie Ihre Ressourcen, F\u00e4higkeiten und Ihr Know-how und bauen Sie gemeinsam ein erfolgreiches Unternehmen auf.\" \/>\n<meta name=\"robots\" content=\"index, follow, max-snippet:-1, max-image-preview:large, max-video-preview:-1\" \/>\n<link rel=\"canonical\" href=\"https:\/\/www.bm4u.cz\/de\/strategische-partnerschaften\/\" \/>\n<meta property=\"og:locale\" content=\"de_DE\" \/>\n<meta property=\"og:type\" content=\"article\" \/>\n<meta property=\"og:title\" content=\"Strategische Partnerschaften - BM4U | business managers\" \/>\n<meta property=\"og:description\" content=\"Suchen Sie einen geeigneten Partner? Kontaktieren Sie uns! Kombinieren Sie Ihre Ressourcen, F\u00e4higkeiten und Ihr Know-how und bauen Sie gemeinsam ein erfolgreiches Unternehmen auf.\" \/>\n<meta property=\"og:url\" content=\"https:\/\/www.bm4u.cz\/de\/strategische-partnerschaften\/\" \/>\n<meta property=\"og:site_name\" content=\"BM4U | business managers\" \/>\n<meta property=\"article:modified_time\" content=\"2025-05-12T20:28:56+00:00\" \/>\n<meta name=\"twitter:card\" content=\"summary_large_image\" \/>\n<meta name=\"twitter:label1\" content=\"Gesch\u00e4tzte Lesezeit\" \/>\n\t<meta name=\"twitter:data1\" content=\"9\u00a0Minuten\" \/>\n<script type=\"application\/ld+json\" class=\"yoast-schema-graph\">{\"@context\":\"https:\\\/\\\/schema.org\",\"@graph\":[{\"@type\":\"WebPage\",\"@id\":\"https:\\\/\\\/www.bm4u.cz\\\/de\\\/strategische-partnerschaften\\\/\",\"url\":\"https:\\\/\\\/www.bm4u.cz\\\/de\\\/strategische-partnerschaften\\\/\",\"name\":\"Strategische Partnerschaften - BM4U | business managers\",\"isPartOf\":{\"@id\":\"https:\\\/\\\/www.bm4u.cz\\\/en\\\/#website\"},\"datePublished\":\"2023-09-04T16:53:16+00:00\",\"dateModified\":\"2025-05-12T20:28:56+00:00\",\"description\":\"Suchen Sie einen geeigneten Partner? Kontaktieren Sie uns! Kombinieren Sie Ihre Ressourcen, F\u00e4higkeiten und Ihr Know-how und bauen Sie gemeinsam ein erfolgreiches Unternehmen auf.\",\"breadcrumb\":{\"@id\":\"https:\\\/\\\/www.bm4u.cz\\\/de\\\/strategische-partnerschaften\\\/#breadcrumb\"},\"inLanguage\":\"de\",\"potentialAction\":[{\"@type\":\"ReadAction\",\"target\":[\"https:\\\/\\\/www.bm4u.cz\\\/de\\\/strategische-partnerschaften\\\/\"]}]},{\"@type\":\"BreadcrumbList\",\"@id\":\"https:\\\/\\\/www.bm4u.cz\\\/de\\\/strategische-partnerschaften\\\/#breadcrumb\",\"itemListElement\":[{\"@type\":\"ListItem\",\"position\":1,\"name\":\"Dom\u016f\",\"item\":\"https:\\\/\\\/www.bm4u.cz\\\/de\\\/\"},{\"@type\":\"ListItem\",\"position\":2,\"name\":\"Strategische Partnerschaften\"}]},{\"@type\":\"WebSite\",\"@id\":\"https:\\\/\\\/www.bm4u.cz\\\/en\\\/#website\",\"url\":\"https:\\\/\\\/www.bm4u.cz\\\/en\\\/\",\"name\":\"BM4U | business managers\",\"description\":\"Mana\u017ee\u0159i pro v\u00e1s\",\"publisher\":{\"@id\":\"https:\\\/\\\/www.bm4u.cz\\\/en\\\/#organization\"},\"potentialAction\":[{\"@type\":\"SearchAction\",\"target\":{\"@type\":\"EntryPoint\",\"urlTemplate\":\"https:\\\/\\\/www.bm4u.cz\\\/en\\\/?s={search_term_string}\"},\"query-input\":{\"@type\":\"PropertyValueSpecification\",\"valueRequired\":true,\"valueName\":\"search_term_string\"}}],\"inLanguage\":\"de\"},{\"@type\":\"Organization\",\"@id\":\"https:\\\/\\\/www.bm4u.cz\\\/en\\\/#organization\",\"name\":\"BM4U s.r.o.\",\"url\":\"https:\\\/\\\/www.bm4u.cz\\\/en\\\/\",\"logo\":{\"@type\":\"ImageObject\",\"inLanguage\":\"de\",\"@id\":\"https:\\\/\\\/www.bm4u.cz\\\/en\\\/#\\\/schema\\\/logo\\\/image\\\/\",\"url\":\"https:\\\/\\\/www.bm4u.cz\\\/wp-content\\\/uploads\\\/2022\\\/04\\\/BM4U-logo-web.png\",\"contentUrl\":\"https:\\\/\\\/www.bm4u.cz\\\/wp-content\\\/uploads\\\/2022\\\/04\\\/BM4U-logo-web.png\",\"width\":457,\"height\":166,\"caption\":\"BM4U s.r.o.\"},\"image\":{\"@id\":\"https:\\\/\\\/www.bm4u.cz\\\/en\\\/#\\\/schema\\\/logo\\\/image\\\/\"},\"sameAs\":[\"https:\\\/\\\/www.linkedin.com\\\/company\\\/bm4u-cz\\\/\"]}]}<\/script>\n<!-- \/ Yoast SEO plugin. -->","yoast_head_json":{"title":"Strategische Partnerschaften - BM4U | business managers","description":"Suchen Sie einen geeigneten Partner? Kontaktieren Sie uns! Kombinieren Sie Ihre Ressourcen, F\u00e4higkeiten und Ihr Know-how und bauen Sie gemeinsam ein erfolgreiches Unternehmen auf.","robots":{"index":"index","follow":"follow","max-snippet":"max-snippet:-1","max-image-preview":"max-image-preview:large","max-video-preview":"max-video-preview:-1"},"canonical":"https:\/\/www.bm4u.cz\/de\/strategische-partnerschaften\/","og_locale":"de_DE","og_type":"article","og_title":"Strategische Partnerschaften - BM4U | business managers","og_description":"Suchen Sie einen geeigneten Partner? Kontaktieren Sie uns! Kombinieren Sie Ihre Ressourcen, F\u00e4higkeiten und Ihr Know-how und bauen Sie gemeinsam ein erfolgreiches Unternehmen auf.","og_url":"https:\/\/www.bm4u.cz\/de\/strategische-partnerschaften\/","og_site_name":"BM4U | business managers","article_modified_time":"2025-05-12T20:28:56+00:00","twitter_card":"summary_large_image","twitter_misc":{"Gesch\u00e4tzte Lesezeit":"9\u00a0Minuten"},"schema":{"@context":"https:\/\/schema.org","@graph":[{"@type":"WebPage","@id":"https:\/\/www.bm4u.cz\/de\/strategische-partnerschaften\/","url":"https:\/\/www.bm4u.cz\/de\/strategische-partnerschaften\/","name":"Strategische Partnerschaften - BM4U | business managers","isPartOf":{"@id":"https:\/\/www.bm4u.cz\/en\/#website"},"datePublished":"2023-09-04T16:53:16+00:00","dateModified":"2025-05-12T20:28:56+00:00","description":"Suchen Sie einen geeigneten Partner? Kontaktieren Sie uns! Kombinieren Sie Ihre Ressourcen, F\u00e4higkeiten und Ihr Know-how und bauen Sie gemeinsam ein erfolgreiches Unternehmen auf.","breadcrumb":{"@id":"https:\/\/www.bm4u.cz\/de\/strategische-partnerschaften\/#breadcrumb"},"inLanguage":"de","potentialAction":[{"@type":"ReadAction","target":["https:\/\/www.bm4u.cz\/de\/strategische-partnerschaften\/"]}]},{"@type":"BreadcrumbList","@id":"https:\/\/www.bm4u.cz\/de\/strategische-partnerschaften\/#breadcrumb","itemListElement":[{"@type":"ListItem","position":1,"name":"Dom\u016f","item":"https:\/\/www.bm4u.cz\/de\/"},{"@type":"ListItem","position":2,"name":"Strategische Partnerschaften"}]},{"@type":"WebSite","@id":"https:\/\/www.bm4u.cz\/en\/#website","url":"https:\/\/www.bm4u.cz\/en\/","name":"BM4U | business managers","description":"Mana\u017ee\u0159i pro v\u00e1s","publisher":{"@id":"https:\/\/www.bm4u.cz\/en\/#organization"},"potentialAction":[{"@type":"SearchAction","target":{"@type":"EntryPoint","urlTemplate":"https:\/\/www.bm4u.cz\/en\/?s={search_term_string}"},"query-input":{"@type":"PropertyValueSpecification","valueRequired":true,"valueName":"search_term_string"}}],"inLanguage":"de"},{"@type":"Organization","@id":"https:\/\/www.bm4u.cz\/en\/#organization","name":"BM4U s.r.o.","url":"https:\/\/www.bm4u.cz\/en\/","logo":{"@type":"ImageObject","inLanguage":"de","@id":"https:\/\/www.bm4u.cz\/en\/#\/schema\/logo\/image\/","url":"https:\/\/www.bm4u.cz\/wp-content\/uploads\/2022\/04\/BM4U-logo-web.png","contentUrl":"https:\/\/www.bm4u.cz\/wp-content\/uploads\/2022\/04\/BM4U-logo-web.png","width":457,"height":166,"caption":"BM4U s.r.o."},"image":{"@id":"https:\/\/www.bm4u.cz\/en\/#\/schema\/logo\/image\/"},"sameAs":["https:\/\/www.linkedin.com\/company\/bm4u-cz\/"]}]}},"_links":{"self":[{"href":"https:\/\/www.bm4u.cz\/de\/wp-json\/wp\/v2\/pages\/5578","targetHints":{"allow":["GET"]}}],"collection":[{"href":"https:\/\/www.bm4u.cz\/de\/wp-json\/wp\/v2\/pages"}],"about":[{"href":"https:\/\/www.bm4u.cz\/de\/wp-json\/wp\/v2\/types\/page"}],"author":[{"embeddable":true,"href":"https:\/\/www.bm4u.cz\/de\/wp-json\/wp\/v2\/users\/8"}],"replies":[{"embeddable":true,"href":"https:\/\/www.bm4u.cz\/de\/wp-json\/wp\/v2\/comments?post=5578"}],"version-history":[{"count":4,"href":"https:\/\/www.bm4u.cz\/de\/wp-json\/wp\/v2\/pages\/5578\/revisions"}],"predecessor-version":[{"id":5617,"href":"https:\/\/www.bm4u.cz\/de\/wp-json\/wp\/v2\/pages\/5578\/revisions\/5617"}],"wp:attachment":[{"href":"https:\/\/www.bm4u.cz\/de\/wp-json\/wp\/v2\/media?parent=5578"}],"curies":[{"name":"wp","href":"https:\/\/api.w.org\/{rel}","templated":true}]}}