{"id":5560,"date":"2022-03-25T06:41:56","date_gmt":"2022-03-25T05:41:56","guid":{"rendered":"https:\/\/www.bm4u.cz\/blog\/"},"modified":"2025-05-12T12:08:33","modified_gmt":"2025-05-12T10:08:33","slug":"blog","status":"publish","type":"page","link":"https:\/\/www.bm4u.cz\/de\/blog\/","title":{"rendered":"Blog"},"content":{"rendered":"<p>[et_pb_section fb_built=&#8220;1&#8243; next_background_color=&#8220;#ffffff&#8220; _builder_version=&#8220;4.25.1&#8243; _module_preset=&#8220;default&#8220; background_enable_color=&#8220;off&#8220; background_color_gradient_start=&#8220;rgba(5,1,74,0.5)&#8220; background_color_gradient_end=&#8220;rgba(5,1,74,0.5)&#8220; background_image=&#8220;https:\/\/www.bm4u.cz\/wp-content\/uploads\/2024\/09\/Blog.jpg&#8220; background_size=&#8220;initial&#8220; background_position=&#8220;top_center&#8220; background_vertical_offset=&#8220;62%&#8220; background_enable_mask_style=&#8220;on&#8220; background_mask_style=&#8220;diagonal&#8220; background_mask_color=&#8220;rgba(5,1,74,0.5)&#8220; background_mask_transform=&#8220;invert|flip_horizontal&#8220; max_width=&#8220;100%&#8220; min_height=&#8220;400px&#8220; bottom_divider_style=&#8220;arrow2&#8243; bottom_divider_height=&#8220;50px&#8220; global_colors_info=&#8220;{}&#8220;][et_pb_row column_structure=&#8220;1_3,2_3&#8243; _builder_version=&#8220;4.16&#8243; _module_preset=&#8220;default&#8220; max_width=&#8220;1400px&#8220; custom_padding=&#8220;||25px|||&#8220; global_colors_info=&#8220;{}&#8220;][et_pb_column type=&#8220;1_3&#8243; _builder_version=&#8220;4.16&#8243; _module_preset=&#8220;default&#8220; global_colors_info=&#8220;{}&#8220;][et_pb_text _builder_version=&#8220;4.16&#8243; _module_preset=&#8220;default&#8220; header_font=&#8220;|600|||||||&#8220; header_text_color=&#8220;#FFFFFF&#8220; header_font_size=&#8220;60px&#8220; header_2_text_color=&#8220;#e0e0e0&#8243; header_2_font_size=&#8220;30px&#8220; header_2_line_height=&#8220;2.5em&#8220; custom_padding=&#8220;19px||1px|||&#8220; header_font_size_tablet=&#8220;60px&#8220; header_font_size_phone=&#8220;50px&#8220; header_font_size_last_edited=&#8220;on|phone&#8220; header_text_shadow_style=&#8220;preset1&#8243; header_text_shadow_color=&#8220;rgba(0,0,0,0.97)&#8220; global_colors_info=&#8220;{}&#8220;]<\/p>\n<h1 style=\"text-align: left;\">BLOG<\/h1>\n<h2 style=\"text-align: left;\">Inspiration und Geschichten<\/h2>\n<p>[\/et_pb_text][\/et_pb_column][et_pb_column type=&#8220;2_3&#8243; _builder_version=&#8220;4.16&#8243; _module_preset=&#8220;default&#8220; global_colors_info=&#8220;{}&#8220;][\/et_pb_column][\/et_pb_row][\/et_pb_section][et_pb_section fb_built=&#8220;1&#8243; specialty=&#8220;on&#8220; _builder_version=&#8220;4.16&#8243; _module_preset=&#8220;default&#8220; custom_padding=&#8220;||2px|||&#8220; global_colors_info=&#8220;{}&#8220;][et_pb_column type=&#8220;3_4&#8243; specialty_columns=&#8220;3&#8243; _builder_version=&#8220;4.16&#8243; custom_padding=&#8220;|||&#8220; global_colors_info=&#8220;{}&#8220; custom_padding__hover=&#8220;|||&#8220;][et_pb_row_inner _builder_version=&#8220;4.16&#8243; _module_preset=&#8220;default&#8220; global_colors_info=&#8220;{}&#8220;][et_pb_column_inner saved_specialty_column_type=&#8220;3_4&#8243; _builder_version=&#8220;4.16&#8243; _module_preset=&#8220;default&#8220; global_colors_info=&#8220;{}&#8220;][et_pb_blog fullwidth=&#8220;off&#8220; include_categories=&#8220;44,50,48,51,49,46,47,45,1&#8243; excerpt_length=&#8220;150&#8243; show_more=&#8220;on&#8220; _builder_version=&#8220;4.19.4&#8243; _module_preset=&#8220;default&#8220; header_font=&#8220;|600|||||||&#8220; header_line_height=&#8220;1.5em&#8220; global_colors_info=&#8220;{}&#8220;][\/et_pb_blog][\/et_pb_column_inner][\/et_pb_row_inner][\/et_pb_column][et_pb_column type=&#8220;1_4&#8243; _builder_version=&#8220;4.16&#8243; custom_padding=&#8220;|||&#8220; global_colors_info=&#8220;{}&#8220; custom_padding__hover=&#8220;|||&#8220;][et_pb_sidebar _builder_version=&#8220;4.16&#8243; _module_preset=&#8220;default&#8220; global_colors_info=&#8220;{}&#8220;][\/et_pb_sidebar][\/et_pb_column][\/et_pb_section][et_pb_section fb_built=&#8220;1&#8243; prev_background_color=&#8220;#ffffff&#8220; next_background_color=&#8220;#ffffff&#8220; _builder_version=&#8220;4.16&#8243; _module_preset=&#8220;default&#8220; background_color=&#8220;#FFFFFF&#8220; background_enable_pattern_style=&#8220;on&#8220; background_pattern_style=&#8220;triangles&#8220; background_pattern_color=&#8220;rgba(0,0,0,0.09)&#8220; background_pattern_size=&#8220;custom&#8220; background_pattern_width=&#8220;10px&#8220; background_pattern_height=&#8220;10px&#8220; top_divider_style=&#8220;arrow2&#8243; top_divider_height=&#8220;50px&#8220; bottom_divider_style=&#8220;arrow2&#8243; bottom_divider_height=&#8220;50px&#8220; locked=&#8220;off&#8220; global_colors_info=&#8220;{}&#8220;][et_pb_row _builder_version=&#8220;4.16&#8243; _module_preset=&#8220;default&#8220; global_colors_info=&#8220;{}&#8220;][et_pb_column type=&#8220;4_4&#8243; _builder_version=&#8220;4.16&#8243; _module_preset=&#8220;default&#8220; global_colors_info=&#8220;{}&#8220;][\/et_pb_column][\/et_pb_row][\/et_pb_section][et_pb_section fb_built=&#8220;1&#8243; _builder_version=&#8220;4.15.1&#8243; _module_preset=&#8220;default&#8220; custom_margin=&#8220;1px|||||&#8220; custom_padding=&#8220;27px||0px|||&#8220; global_module=&#8220;166&#8243; saved_tabs=&#8220;all&#8220; global_colors_info=&#8220;{}&#8220;][et_pb_row column_structure=&#8220;1_4,1_4,1_4,1_4&#8243; _builder_version=&#8220;4.16&#8243; _module_preset=&#8220;default&#8220; global_colors_info=&#8220;{}&#8220;][et_pb_column type=&#8220;1_4&#8243; _builder_version=&#8220;4.16&#8243; _module_preset=&#8220;default&#8220; global_colors_info=&#8220;{}&#8220;][et_pb_text _builder_version=&#8220;4.16&#8243; _module_preset=&#8220;default&#8220; custom_padding_tablet=&#8220;|80px|||false|false&#8220; custom_padding_phone=&#8220;|0px|||false|false&#8220; custom_padding_last_edited=&#8220;on|phone&#8220; global_colors_info=&#8220;{}&#8220;]<\/p>\n<p><strong>BM4U s.r.o.<br \/><\/strong><span>Podkov\u00e1\u0159sk\u00e1 674\/2,<br \/>Vyso\u010dany, 190&nbsp;00 Prag 9<\/span><\/p>\n<p>[\/et_pb_text][\/et_pb_column][et_pb_column type=&#8220;1_4&#8243; _builder_version=&#8220;4.16&#8243; _module_preset=&#8220;default&#8220; global_colors_info=&#8220;{}&#8220;][et_pb_blurb title=&#8220;+420 284 028 886&#8243; url=&#8220;tel:+420284028886&#8243; use_icon=&#8220;on&#8220; font_icon=&#8220;&#xe090;||divi||400&#8243; icon_color=&#8220;#170FAD&#8220; icon_placement=&#8220;left&#8220; image_icon_width=&#8220;25px&#8220; _builder_version=&#8220;4.19.4&#8243; _module_preset=&#8220;default&#8220; header_level=&#8220;h5&#8243; header_font_size=&#8220;14px&#8220; header_line_height=&#8220;1.7em&#8220; custom_margin=&#8220;||8px|||&#8220; global_colors_info=&#8220;{}&#8220;][\/et_pb_blurb][et_pb_blurb title=&#8220;info@bm4u.cz&#8220; url=&#8220;mailto:info@bm4u.cz&#8220; use_icon=&#8220;on&#8220; font_icon=&#8220;&#xf0e0;||fa||400&#8243; icon_color=&#8220;#170FAD&#8220; icon_placement=&#8220;left&#8220; image_icon_width=&#8220;25px&#8220; _builder_version=&#8220;4.19.4&#8243; _module_preset=&#8220;default&#8220; header_level=&#8220;h5&#8243; header_font_size=&#8220;14px&#8220; header_line_height=&#8220;1.7em&#8220; global_colors_info=&#8220;{}&#8220;][\/et_pb_blurb][\/et_pb_column][et_pb_column type=&#8220;1_4&#8243; _builder_version=&#8220;4.16&#8243; _module_preset=&#8220;default&#8220; global_colors_info=&#8220;{}&#8220;][et_pb_icon font_icon=&#8220;&#xf08c;||fa||400&#8243; icon_color=&#8220;#170FAD&#8220; icon_width=&#8220;50px&#8220; url=&#8220;https:\/\/www.linkedin.com\/company\/bm4u-cz\/&#8220; url_new_window=&#8220;on&#8220; align=&#8220;left&#8220; align_tablet=&#8220;left&#8220; align_phone=&#8220;&#8220; align_last_edited=&#8220;on|desktop&#8220; _builder_version=&#8220;4.19.4&#8243; _module_preset=&#8220;default&#8220; global_colors_info=&#8220;{}&#8220;][\/et_pb_icon][\/et_pb_column][et_pb_column type=&#8220;1_4&#8243; _builder_version=&#8220;4.16&#8243; _module_preset=&#8220;default&#8220; global_colors_info=&#8220;{}&#8220;][et_pb_text _builder_version=&#8220;4.16&#8243; _module_preset=&#8220;default&#8220; global_colors_info=&#8220;{}&#8220;]<\/p>\n<p><a href=\"http:\/\/www.bm4u.cz\/ochrana-osobnich-udaju\/\">GDPR und Cookies<\/a><br \/><a href=\"http:\/\/www.bm4u.cz\/wp-content\/uploads\/2022\/04\/Eticky_kodex_BM4U_2.4.2022-1.pdf\" target=\"_blank\" rel=\"noopener\">BM4U-Verhaltenskodex<\/a><\/p>\n<p>[\/et_pb_text][\/et_pb_column][\/et_pb_row][\/et_pb_section]<\/p>\n","protected":false},"excerpt":{"rendered":"<p>BLOG Inspiration und GeschichtenBM4U s.r.o.Podkov\u00e1\u0159sk\u00e1 674\/2,Vyso\u010dany, 190&nbsp;00 Prag 9GDPR und CookiesBM4U-Verhaltenskodex<\/p>\n","protected":false},"author":8,"featured_media":0,"parent":0,"menu_order":0,"comment_status":"closed","ping_status":"closed","template":"","meta":{"_et_pb_use_builder":"on","_et_pb_old_content":"","_et_gb_content_width":"","footnotes":""},"class_list":["post-5560","page","type-page","status-publish","hentry"],"yoast_head":"<!-- This site is optimized with the Yoast SEO plugin v27.3 - https:\/\/yoast.com\/product\/yoast-seo-wordpress\/ -->\n<title>Blog - BM4U | business managers<\/title>\n<meta name=\"description\" content=\"Lesen Sie gerne? Artikel, Interviews, Studien, ein Glossar und interessante Einblicke in die Welt des Interim Managements finden Sie im BM4U Blog.\" \/>\n<meta name=\"robots\" content=\"index, follow, max-snippet:-1, max-image-preview:large, max-video-preview:-1\" \/>\n<link rel=\"canonical\" href=\"https:\/\/www.bm4u.cz\/de\/blog\/\" \/>\n<meta property=\"og:locale\" content=\"de_DE\" \/>\n<meta property=\"og:type\" content=\"article\" \/>\n<meta property=\"og:title\" content=\"Blog - BM4U | business managers\" \/>\n<meta property=\"og:description\" content=\"Lesen Sie gerne? Artikel, Interviews, Studien, ein Glossar und interessante Einblicke in die Welt des Interim Managements finden Sie im BM4U Blog.\" \/>\n<meta property=\"og:url\" content=\"https:\/\/www.bm4u.cz\/de\/blog\/\" \/>\n<meta property=\"og:site_name\" content=\"BM4U | business managers\" \/>\n<meta property=\"article:modified_time\" content=\"2025-05-12T10:08:33+00:00\" \/>\n<meta name=\"twitter:card\" content=\"summary_large_image\" \/>\n<meta name=\"twitter:label1\" content=\"Gesch\u00e4tzte Lesezeit\" \/>\n\t<meta name=\"twitter:data1\" content=\"4\u00a0Minuten\" \/>\n<script type=\"application\/ld+json\" class=\"yoast-schema-graph\">{\"@context\":\"https:\\\/\\\/schema.org\",\"@graph\":[{\"@type\":\"WebPage\",\"@id\":\"https:\\\/\\\/www.bm4u.cz\\\/de\\\/blog\\\/\",\"url\":\"https:\\\/\\\/www.bm4u.cz\\\/de\\\/blog\\\/\",\"name\":\"Blog - BM4U | business managers\",\"isPartOf\":{\"@id\":\"https:\\\/\\\/www.bm4u.cz\\\/en\\\/#website\"},\"datePublished\":\"2022-03-25T05:41:56+00:00\",\"dateModified\":\"2025-05-12T10:08:33+00:00\",\"description\":\"Lesen Sie gerne? Artikel, Interviews, Studien, ein Glossar und interessante Einblicke in die Welt des Interim Managements finden Sie im BM4U Blog.\",\"breadcrumb\":{\"@id\":\"https:\\\/\\\/www.bm4u.cz\\\/de\\\/blog\\\/#breadcrumb\"},\"inLanguage\":\"de\",\"potentialAction\":[{\"@type\":\"ReadAction\",\"target\":[\"https:\\\/\\\/www.bm4u.cz\\\/de\\\/blog\\\/\"]}]},{\"@type\":\"BreadcrumbList\",\"@id\":\"https:\\\/\\\/www.bm4u.cz\\\/de\\\/blog\\\/#breadcrumb\",\"itemListElement\":[{\"@type\":\"ListItem\",\"position\":1,\"name\":\"Dom\u016f\",\"item\":\"https:\\\/\\\/www.bm4u.cz\\\/de\\\/\"},{\"@type\":\"ListItem\",\"position\":2,\"name\":\"Blog\"}]},{\"@type\":\"WebSite\",\"@id\":\"https:\\\/\\\/www.bm4u.cz\\\/en\\\/#website\",\"url\":\"https:\\\/\\\/www.bm4u.cz\\\/en\\\/\",\"name\":\"BM4U | business managers\",\"description\":\"Mana\u017ee\u0159i pro v\u00e1s\",\"publisher\":{\"@id\":\"https:\\\/\\\/www.bm4u.cz\\\/en\\\/#organization\"},\"potentialAction\":[{\"@type\":\"SearchAction\",\"target\":{\"@type\":\"EntryPoint\",\"urlTemplate\":\"https:\\\/\\\/www.bm4u.cz\\\/en\\\/?s={search_term_string}\"},\"query-input\":{\"@type\":\"PropertyValueSpecification\",\"valueRequired\":true,\"valueName\":\"search_term_string\"}}],\"inLanguage\":\"de\"},{\"@type\":\"Organization\",\"@id\":\"https:\\\/\\\/www.bm4u.cz\\\/en\\\/#organization\",\"name\":\"BM4U s.r.o.\",\"url\":\"https:\\\/\\\/www.bm4u.cz\\\/en\\\/\",\"logo\":{\"@type\":\"ImageObject\",\"inLanguage\":\"de\",\"@id\":\"https:\\\/\\\/www.bm4u.cz\\\/en\\\/#\\\/schema\\\/logo\\\/image\\\/\",\"url\":\"https:\\\/\\\/www.bm4u.cz\\\/wp-content\\\/uploads\\\/2022\\\/04\\\/BM4U-logo-web.png\",\"contentUrl\":\"https:\\\/\\\/www.bm4u.cz\\\/wp-content\\\/uploads\\\/2022\\\/04\\\/BM4U-logo-web.png\",\"width\":457,\"height\":166,\"caption\":\"BM4U s.r.o.\"},\"image\":{\"@id\":\"https:\\\/\\\/www.bm4u.cz\\\/en\\\/#\\\/schema\\\/logo\\\/image\\\/\"},\"sameAs\":[\"https:\\\/\\\/www.linkedin.com\\\/company\\\/bm4u-cz\\\/\"]}]}<\/script>\n<!-- \/ Yoast SEO plugin. -->","yoast_head_json":{"title":"Blog - BM4U | business managers","description":"Lesen Sie gerne? Artikel, Interviews, Studien, ein Glossar und interessante Einblicke in die Welt des Interim Managements finden Sie im BM4U Blog.","robots":{"index":"index","follow":"follow","max-snippet":"max-snippet:-1","max-image-preview":"max-image-preview:large","max-video-preview":"max-video-preview:-1"},"canonical":"https:\/\/www.bm4u.cz\/de\/blog\/","og_locale":"de_DE","og_type":"article","og_title":"Blog - BM4U | business managers","og_description":"Lesen Sie gerne? Artikel, Interviews, Studien, ein Glossar und interessante Einblicke in die Welt des Interim Managements finden Sie im BM4U Blog.","og_url":"https:\/\/www.bm4u.cz\/de\/blog\/","og_site_name":"BM4U | business managers","article_modified_time":"2025-05-12T10:08:33+00:00","twitter_card":"summary_large_image","twitter_misc":{"Gesch\u00e4tzte Lesezeit":"4\u00a0Minuten"},"schema":{"@context":"https:\/\/schema.org","@graph":[{"@type":"WebPage","@id":"https:\/\/www.bm4u.cz\/de\/blog\/","url":"https:\/\/www.bm4u.cz\/de\/blog\/","name":"Blog - BM4U | business managers","isPartOf":{"@id":"https:\/\/www.bm4u.cz\/en\/#website"},"datePublished":"2022-03-25T05:41:56+00:00","dateModified":"2025-05-12T10:08:33+00:00","description":"Lesen Sie gerne? Artikel, Interviews, Studien, ein Glossar und interessante Einblicke in die Welt des Interim Managements finden Sie im BM4U Blog.","breadcrumb":{"@id":"https:\/\/www.bm4u.cz\/de\/blog\/#breadcrumb"},"inLanguage":"de","potentialAction":[{"@type":"ReadAction","target":["https:\/\/www.bm4u.cz\/de\/blog\/"]}]},{"@type":"BreadcrumbList","@id":"https:\/\/www.bm4u.cz\/de\/blog\/#breadcrumb","itemListElement":[{"@type":"ListItem","position":1,"name":"Dom\u016f","item":"https:\/\/www.bm4u.cz\/de\/"},{"@type":"ListItem","position":2,"name":"Blog"}]},{"@type":"WebSite","@id":"https:\/\/www.bm4u.cz\/en\/#website","url":"https:\/\/www.bm4u.cz\/en\/","name":"BM4U | business managers","description":"Mana\u017ee\u0159i pro v\u00e1s","publisher":{"@id":"https:\/\/www.bm4u.cz\/en\/#organization"},"potentialAction":[{"@type":"SearchAction","target":{"@type":"EntryPoint","urlTemplate":"https:\/\/www.bm4u.cz\/en\/?s={search_term_string}"},"query-input":{"@type":"PropertyValueSpecification","valueRequired":true,"valueName":"search_term_string"}}],"inLanguage":"de"},{"@type":"Organization","@id":"https:\/\/www.bm4u.cz\/en\/#organization","name":"BM4U s.r.o.","url":"https:\/\/www.bm4u.cz\/en\/","logo":{"@type":"ImageObject","inLanguage":"de","@id":"https:\/\/www.bm4u.cz\/en\/#\/schema\/logo\/image\/","url":"https:\/\/www.bm4u.cz\/wp-content\/uploads\/2022\/04\/BM4U-logo-web.png","contentUrl":"https:\/\/www.bm4u.cz\/wp-content\/uploads\/2022\/04\/BM4U-logo-web.png","width":457,"height":166,"caption":"BM4U s.r.o."},"image":{"@id":"https:\/\/www.bm4u.cz\/en\/#\/schema\/logo\/image\/"},"sameAs":["https:\/\/www.linkedin.com\/company\/bm4u-cz\/"]}]}},"_links":{"self":[{"href":"https:\/\/www.bm4u.cz\/de\/wp-json\/wp\/v2\/pages\/5560","targetHints":{"allow":["GET"]}}],"collection":[{"href":"https:\/\/www.bm4u.cz\/de\/wp-json\/wp\/v2\/pages"}],"about":[{"href":"https:\/\/www.bm4u.cz\/de\/wp-json\/wp\/v2\/types\/page"}],"author":[{"embeddable":true,"href":"https:\/\/www.bm4u.cz\/de\/wp-json\/wp\/v2\/users\/8"}],"replies":[{"embeddable":true,"href":"https:\/\/www.bm4u.cz\/de\/wp-json\/wp\/v2\/comments?post=5560"}],"version-history":[{"count":2,"href":"https:\/\/www.bm4u.cz\/de\/wp-json\/wp\/v2\/pages\/5560\/revisions"}],"predecessor-version":[{"id":5562,"href":"https:\/\/www.bm4u.cz\/de\/wp-json\/wp\/v2\/pages\/5560\/revisions\/5562"}],"wp:attachment":[{"href":"https:\/\/www.bm4u.cz\/de\/wp-json\/wp\/v2\/media?parent=5560"}],"curies":[{"name":"wp","href":"https:\/\/api.w.org\/{rel}","templated":true}]}}